{"id":146,"date":"2013-11-05T22:54:17","date_gmt":"2013-11-05T20:54:17","guid":{"rendered":"http:\/\/www.wp.kirche-ihrhove.de\/wordpress\/?page_id=146"},"modified":"2026-04-23T09:22:28","modified_gmt":"2026-04-23T08:22:28","slug":"kindergarten","status":"publish","type":"page","link":"http:\/\/www.wp.kirche-ihrhove.de\/wordpress\/?page_id=146","title":{"rendered":"Kindergarten"},"content":{"rendered":"\n<div class=\"wp-block-columns is-layout-flex wp-container-core-columns-is-layout-9d6595d7 wp-block-columns-is-layout-flex\">\n<div class=\"wp-block-column is-layout-flow wp-block-column-is-layout-flow\" style=\"flex-basis:100%\"><div class=\"wp-block-image\">\n<figure class=\"alignright size-large\"><img decoding=\"async\" src=\"\/wordpress\/wp-content\/gallery\/kiganeu.jpg\" alt=\"\"\/><\/figure><\/div>\n\n\n<p>Evangelischer Kindergarten Ihrhove<br>Am Rennschloot 31<br>26810 Westoverledingen<\/p>\n\n\n\n<p>Tel.: 0 49 55 \/ 45 11<\/p>\n\n\n\n<hr class=\"wp-block-separator has-css-opacity\"\/>\n\n\n\n<p>In unserem Kindergarten f\u00fcr 3- bis 6-j\u00e4hrige Kinder sind vier Gruppen vormittags und eine Ganztagsgruppe eingerichtet. In einer Vormittagsgruppe mit 18 Pl\u00e4tzen werden bis vier Kinder mit besonderem F\u00f6rderbedarf integriert. Entsprechend der gesetzlichen Vorgabe wird jede Gruppe durch eine Erzieherin geleitet. Als Zweitkraft wird eine weitere Erzieherin oder eine Kinderpflegerin bzw. Sozialassistentin eingesetzt. Zus\u00e4tzlich werden in unserem Kindergarten zwei freiwillige Einsatzstellen angeboten, die entweder durch das &#8222;Freiwillige Diakonische Jahr (FSJ)&#8220; oder den &#8222;Bundesfreiwilligendienst (BFD)&#8220; besetzt werden.<\/p>\n\n\n\n<hr class=\"wp-block-separator has-css-opacity\"\/>\n\n\n\n<p>Einzugsbereich:&nbsp;Ihrhove,&nbsp;Klinge,&nbsp;Folmhusen,&nbsp;Breinermoor, Alt-Ihren, Driever, Grotegaste, Esklum<\/p>\n\n\n\n<hr class=\"wp-block-separator has-css-opacity\"\/>\n\n\n\n<p>Vormittagsbetrieb:<br>08:00 &#8211; 12:00 Uhr bzw. 08:00 &#8211; 13:00 Uhr<\/p>\n\n\n\n<p>Ganztagsbetrieb:<br>08:00 &#8211; 16:00 Uhr<\/p>\n\n\n\n<p>Sonder\u00f6ffnung:<br>07:00 &#8211; 08:00 Uhr und 12:00 &#8211; 12:30 Uhr oder 13:00 &#8211; 14:00 Uhr<\/p>\n\n\n\n<hr class=\"wp-block-separator has-css-opacity\"\/>\n\n\n\n<p>F\u00fcr weitere Informationen wenden Sie sich bitte an:<\/p>\n\n\n\n<p class=\"has-text-align-left\">Kindergartenleiterin Nicole Niemann<br>Tel.: 0 49 55 \/ 45 11<br><a href=\"mailto:kindergarten@kirche-ihrhove.de\">Mail an Kindergarten<\/a><\/p>\n<\/div>\n<\/div>\n","protected":false},"excerpt":{"rendered":"<p>Evangelischer Kindergarten IhrhoveAm Rennschloot 3126810 Westoverledingen Tel.: 0 49 55 \/ 45 11 In unserem Kindergarten f\u00fcr 3- bis 6-j\u00e4hrige Kinder sind vier Gruppen vormittags und eine Ganztagsgruppe eingerichtet. In einer Vormittagsgruppe mit 18 Pl\u00e4tzen werden bis vier Kinder mit besonderem F\u00f6rderbedarf integriert. Entsprechend der gesetzlichen Vorgabe wird jede Gruppe durch eine Erzieherin geleitet. Als [&hellip;]<\/p>\n","protected":false},"author":1,"featured_media":0,"parent":144,"menu_order":0,"comment_status":"closed","ping_status":"closed","template":"","meta":{"ngg_post_thumbnail":0,"footnotes":""},"class_list":["post-146","page","type-page","status-publish","hentry"],"_links":{"self":[{"href":"http:\/\/www.wp.kirche-ihrhove.de\/wordpress\/index.php?rest_route=\/wp\/v2\/pages\/146","targetHints":{"allow":["GET"]}}],"collection":[{"href":"http:\/\/www.wp.kirche-ihrhove.de\/wordpress\/index.php?rest_route=\/wp\/v2\/pages"}],"about":[{"href":"http:\/\/www.wp.kirche-ihrhove.de\/wordpress\/index.php?rest_route=\/wp\/v2\/types\/page"}],"author":[{"embeddable":true,"href":"http:\/\/www.wp.kirche-ihrhove.de\/wordpress\/index.php?rest_route=\/wp\/v2\/users\/1"}],"replies":[{"embeddable":true,"href":"http:\/\/www.wp.kirche-ihrhove.de\/wordpress\/index.php?rest_route=%2Fwp%2Fv2%2Fcomments&post=146"}],"version-history":[{"count":15,"href":"http:\/\/www.wp.kirche-ihrhove.de\/wordpress\/index.php?rest_route=\/wp\/v2\/pages\/146\/revisions"}],"predecessor-version":[{"id":2340,"href":"http:\/\/www.wp.kirche-ihrhove.de\/wordpress\/index.php?rest_route=\/wp\/v2\/pages\/146\/revisions\/2340"}],"up":[{"embeddable":true,"href":"http:\/\/www.wp.kirche-ihrhove.de\/wordpress\/index.php?rest_route=\/wp\/v2\/pages\/144"}],"wp:attachment":[{"href":"http:\/\/www.wp.kirche-ihrhove.de\/wordpress\/index.php?rest_route=%2Fwp%2Fv2%2Fmedia&parent=146"}],"curies":[{"name":"wp","href":"https:\/\/api.w.org\/{rel}","templated":true}]}}