{"id":154,"date":"2013-11-05T23:02:10","date_gmt":"2013-11-05T21:02:10","guid":{"rendered":"http:\/\/www.wp.kirche-ihrhove.de\/wordpress\/?page_id=154"},"modified":"2024-01-18T09:26:25","modified_gmt":"2024-01-18T08:26:25","slug":"konfirmanden","status":"publish","type":"page","link":"http:\/\/www.wp.kirche-ihrhove.de\/wordpress\/?page_id=154","title":{"rendered":"Konfirmand*innen"},"content":{"rendered":"\n<p>In w\u00f6chentlichen Teilgruppen werden die Konfirmand*innen in einem 2-j\u00e4hrigen Gang zur Konfirmationsfeier hingef\u00fchrt. Daf\u00fcr werden sie von einem der beiden Pastoren, die gleichm\u00e4\u00dfig in der Konfirmandenarbeit eingesetzt sind, schriftlich eingeladen.<br>Die Teilgruppen versammeln sich im Gemeindezentrum. Es werden ein bis zwei Konfirmand*innen-Wochenenden durchgef\u00fchrt. <\/p>\n\n\n\n<p>Die Inhalte in Stichworten: <\/p>\n\n\n\n<ul class=\"wp-block-list\"><li>Orientierung in der Gruppe<\/li><li>Einf\u00fchrung in das Evangelische Gesangbuch und die Bibel<\/li><li>Vorbereitung f\u00fcr den Gottesdienst mit der Vorstellung am &#8222;Bu\u00df- und Bettag&#8220;<\/li><li>Weihnachten<\/li><li>Jesu Lebenslauf mit j\u00fcdischen Festen<\/li><li>Taufe<\/li><li>Passion und Ostern, Himmelfahrt und Pfingsten<\/li><li>biblische Gottesvorstellungen<\/li><li>Kirche \/ Kirchengemeinde \/ \u00d6kumene<\/li><li>Diakonie \/ Gebote \/ Schuld und Vergebung \/ Gewalt und Vers\u00f6hnung \/ Tod und Trauer \/ Beten<\/li><li>Abendmahl<\/li><li>Vorbereitungen f\u00fcr den Gottesdienst mit der Vorstellung f\u00fcr die Konfirmationsfeier<\/li><li>Glauben und Bekennen \/ Konfirmation<\/li><\/ul>\n\n\n\n<p>Daneben werden die Konfirmand*innen gelegentlich in der Vorbereitung und Durchf\u00fchrung des Gottesdienstes beteiligt. <\/p>\n\n\n\n<p>Die Konfirmationsfeier wird am 2. Sonntag nach Ostern durchgef\u00fchrt. Liturgische Besonderheiten sind ihre festliche Gestaltung mit den Konfirmand*innen sowie kirchenmusikalischen Beitr\u00e4gen und die umfassende Dokumentation in einem &#8222;Gottesdienstheft&#8220;. <\/p>\n","protected":false},"excerpt":{"rendered":"<p>In w\u00f6chentlichen Teilgruppen werden die Konfirmand*innen in einem 2-j\u00e4hrigen Gang zur Konfirmationsfeier hingef\u00fchrt. Daf\u00fcr werden sie von einem der beiden Pastoren, die gleichm\u00e4\u00dfig in der Konfirmandenarbeit eingesetzt sind, schriftlich eingeladen.Die Teilgruppen versammeln sich im Gemeindezentrum. Es werden ein bis zwei Konfirmand*innen-Wochenenden durchgef\u00fchrt. Die Inhalte in Stichworten: Orientierung in der Gruppe Einf\u00fchrung in das Evangelische Gesangbuch [&hellip;]<\/p>\n","protected":false},"author":1,"featured_media":0,"parent":150,"menu_order":0,"comment_status":"closed","ping_status":"closed","template":"","meta":{"ngg_post_thumbnail":0,"footnotes":""},"class_list":["post-154","page","type-page","status-publish","hentry"],"_links":{"self":[{"href":"http:\/\/www.wp.kirche-ihrhove.de\/wordpress\/index.php?rest_route=\/wp\/v2\/pages\/154","targetHints":{"allow":["GET"]}}],"collection":[{"href":"http:\/\/www.wp.kirche-ihrhove.de\/wordpress\/index.php?rest_route=\/wp\/v2\/pages"}],"about":[{"href":"http:\/\/www.wp.kirche-ihrhove.de\/wordpress\/index.php?rest_route=\/wp\/v2\/types\/page"}],"author":[{"embeddable":true,"href":"http:\/\/www.wp.kirche-ihrhove.de\/wordpress\/index.php?rest_route=\/wp\/v2\/users\/1"}],"replies":[{"embeddable":true,"href":"http:\/\/www.wp.kirche-ihrhove.de\/wordpress\/index.php?rest_route=%2Fwp%2Fv2%2Fcomments&post=154"}],"version-history":[{"count":11,"href":"http:\/\/www.wp.kirche-ihrhove.de\/wordpress\/index.php?rest_route=\/wp\/v2\/pages\/154\/revisions"}],"predecessor-version":[{"id":1536,"href":"http:\/\/www.wp.kirche-ihrhove.de\/wordpress\/index.php?rest_route=\/wp\/v2\/pages\/154\/revisions\/1536"}],"up":[{"embeddable":true,"href":"http:\/\/www.wp.kirche-ihrhove.de\/wordpress\/index.php?rest_route=\/wp\/v2\/pages\/150"}],"wp:attachment":[{"href":"http:\/\/www.wp.kirche-ihrhove.de\/wordpress\/index.php?rest_route=%2Fwp%2Fv2%2Fmedia&parent=154"}],"curies":[{"name":"wp","href":"https:\/\/api.w.org\/{rel}","templated":true}]}}