{"id":1551,"date":"2024-04-16T19:23:48","date_gmt":"2024-04-16T18:23:48","guid":{"rendered":"http:\/\/www.wp.kirche-ihrhove.de\/wordpress\/?page_id=1551"},"modified":"2024-04-26T10:11:14","modified_gmt":"2024-04-26T09:11:14","slug":"unsere-friedhoefe","status":"publish","type":"page","link":"http:\/\/www.wp.kirche-ihrhove.de\/wordpress\/?page_id=1551","title":{"rendered":"Unsere Friedh\u00f6fe"},"content":{"rendered":"\n<p>Die Kirchengemeinde Ihrhove unterh\u00e4lt zwei Friedh\u00f6fe.<br>Der alte Friedhof liegt an der Denkmalstra\u00dfe 2-6 auf einer Warft, in seiner Mitte befindet sich unsere Kirche aus dem 13. Jahrhundert.<br>Der neue Friedhof befindet sich an der Ihrener Stra\u00dfe 48a. <br>Er ist im Jahr 1886 angelegt und seitdem mehrmals vergr\u00f6\u00dfert worden.<br>Zuletzt wurde dort im Jahr 2001 ein Rasengr\u00e4berfeld angelegt.<\/p>\n\n\n\n<p>Hier finden Sie unsere Friedhofsordnung: <br><a href=\"http:\/\/www.wp.kirche-ihrhove.de\/wordpress\/wp-content\/uploads\/2024\/04\/Friedhofsordnung.pdf\" target=\"_blank\" rel=\"noreferrer noopener\">Friedhofsordnung.PDF<\/a><\/p>\n\n\n\n<p>Hier finden Sie eine kurze Erl\u00e4uterung zu den verschiedenen Grabst\u00e4ttenarten: <br><a href=\"http:\/\/www.wp.kirche-ihrhove.de\/wordpress\/wp-content\/uploads\/2024\/04\/Rechtsverhaeltnisse-und-Grabstaettenarten-1.pdf\" target=\"_blank\" rel=\"noreferrer noopener\">Grabst\u00e4ttenarten.PDF<\/a><\/p>\n\n\n\n<p><strong>Friedhofsverwaltung:<\/strong><br>Michael Penning<br>Telefon: 0 49 55 \/ 17 17<br><a href=\"mailto:Friedhofsverwaltung@Kirche-Ihrhove.de\">Mail an Friedhofsverwaltung<\/a><\/p>\n","protected":false},"excerpt":{"rendered":"<p>Die Kirchengemeinde Ihrhove unterh\u00e4lt zwei Friedh\u00f6fe.Der alte Friedhof liegt an der Denkmalstra\u00dfe 2-6 auf einer Warft, in seiner Mitte befindet sich unsere Kirche aus dem 13. Jahrhundert.Der neue Friedhof befindet sich an der Ihrener Stra\u00dfe 48a. Er ist im Jahr 1886 angelegt und seitdem mehrmals vergr\u00f6\u00dfert worden.Zuletzt wurde dort im Jahr 2001 ein Rasengr\u00e4berfeld angelegt. [&hellip;]<\/p>\n","protected":false},"author":1,"featured_media":0,"parent":0,"menu_order":0,"comment_status":"closed","ping_status":"closed","template":"","meta":{"ngg_post_thumbnail":0,"footnotes":""},"class_list":["post-1551","page","type-page","status-publish","hentry"],"_links":{"self":[{"href":"http:\/\/www.wp.kirche-ihrhove.de\/wordpress\/index.php?rest_route=\/wp\/v2\/pages\/1551","targetHints":{"allow":["GET"]}}],"collection":[{"href":"http:\/\/www.wp.kirche-ihrhove.de\/wordpress\/index.php?rest_route=\/wp\/v2\/pages"}],"about":[{"href":"http:\/\/www.wp.kirche-ihrhove.de\/wordpress\/index.php?rest_route=\/wp\/v2\/types\/page"}],"author":[{"embeddable":true,"href":"http:\/\/www.wp.kirche-ihrhove.de\/wordpress\/index.php?rest_route=\/wp\/v2\/users\/1"}],"replies":[{"embeddable":true,"href":"http:\/\/www.wp.kirche-ihrhove.de\/wordpress\/index.php?rest_route=%2Fwp%2Fv2%2Fcomments&post=1551"}],"version-history":[{"count":6,"href":"http:\/\/www.wp.kirche-ihrhove.de\/wordpress\/index.php?rest_route=\/wp\/v2\/pages\/1551\/revisions"}],"predecessor-version":[{"id":1618,"href":"http:\/\/www.wp.kirche-ihrhove.de\/wordpress\/index.php?rest_route=\/wp\/v2\/pages\/1551\/revisions\/1618"}],"wp:attachment":[{"href":"http:\/\/www.wp.kirche-ihrhove.de\/wordpress\/index.php?rest_route=%2Fwp%2Fv2%2Fmedia&parent=1551"}],"curies":[{"name":"wp","href":"https:\/\/api.w.org\/{rel}","templated":true}]}}