{"id":158,"date":"2013-11-05T23:04:26","date_gmt":"2013-11-05T21:04:26","guid":{"rendered":"http:\/\/www.wp.kirche-ihrhove.de\/wordpress\/?page_id=158"},"modified":"2021-04-06T21:20:46","modified_gmt":"2021-04-06T20:20:46","slug":"maenner","status":"publish","type":"page","link":"http:\/\/www.wp.kirche-ihrhove.de\/wordpress\/?page_id=158","title":{"rendered":"M\u00e4nnerkreis"},"content":{"rendered":"\n<p>M\u00e4nnerkreis besteht seit 1997 und wuchs von 10 auf 30 Teilnehmer. Er trifft sich acht bis neun Mal im Jahr in unserem Gemeindezentrum. Das Programm wird von unserem \u00c4ltestenprediger Heinrich Schaa mit Georg Meinders und Tammo M\u00fctz sowie Alfred K\u00fchlers aus der evangelisch-altreformierten Kirchengemeinde vorbereitet. Die Abende sind offene Angebote, um Anbindungsm\u00f6glichkeiten in das Gemeindeleben anzubieten und die Teilnehmer in die Gemeinschaft einzugliedern. Die Einladung erfolgt durch die \u00f6ffentliche Presse, Flyer und unseren &#8222;StoenPaal&#8220;. <\/p>\n\n\n\n<figure class=\"wp-block-image size-large\"><img decoding=\"async\" src=\"\/wordpress\/wp-content\/gallery\/maenner.jpg\" alt=\"\"\/><\/figure>\n\n\n\n<p>Er\u00f6ffnet werden die Abende mit Andacht und Gebet. Besprochen werden kirchliche und weltliche Themen im Erfahrungsaustausch in Gespr\u00e4chsrunden bei gem\u00fctlichem Tee. Der j\u00e4hrliche Tagesausflug f\u00f6rdert die pers\u00f6nliche Gemeinschaft und rundet das Jahresprogramm ab <\/p>\n","protected":false},"excerpt":{"rendered":"<p>M\u00e4nnerkreis besteht seit 1997 und wuchs von 10 auf 30 Teilnehmer. Er trifft sich acht bis neun Mal im Jahr in unserem Gemeindezentrum. Das Programm wird von unserem \u00c4ltestenprediger Heinrich Schaa mit Georg Meinders und Tammo M\u00fctz sowie Alfred K\u00fchlers aus der evangelisch-altreformierten Kirchengemeinde vorbereitet. Die Abende sind offene Angebote, um Anbindungsm\u00f6glichkeiten in das Gemeindeleben [&hellip;]<\/p>\n","protected":false},"author":1,"featured_media":0,"parent":0,"menu_order":0,"comment_status":"closed","ping_status":"closed","template":"","meta":{"ngg_post_thumbnail":0,"footnotes":""},"class_list":["post-158","page","type-page","status-publish","hentry"],"_links":{"self":[{"href":"http:\/\/www.wp.kirche-ihrhove.de\/wordpress\/index.php?rest_route=\/wp\/v2\/pages\/158","targetHints":{"allow":["GET"]}}],"collection":[{"href":"http:\/\/www.wp.kirche-ihrhove.de\/wordpress\/index.php?rest_route=\/wp\/v2\/pages"}],"about":[{"href":"http:\/\/www.wp.kirche-ihrhove.de\/wordpress\/index.php?rest_route=\/wp\/v2\/types\/page"}],"author":[{"embeddable":true,"href":"http:\/\/www.wp.kirche-ihrhove.de\/wordpress\/index.php?rest_route=\/wp\/v2\/users\/1"}],"replies":[{"embeddable":true,"href":"http:\/\/www.wp.kirche-ihrhove.de\/wordpress\/index.php?rest_route=%2Fwp%2Fv2%2Fcomments&post=158"}],"version-history":[{"count":9,"href":"http:\/\/www.wp.kirche-ihrhove.de\/wordpress\/index.php?rest_route=\/wp\/v2\/pages\/158\/revisions"}],"predecessor-version":[{"id":745,"href":"http:\/\/www.wp.kirche-ihrhove.de\/wordpress\/index.php?rest_route=\/wp\/v2\/pages\/158\/revisions\/745"}],"wp:attachment":[{"href":"http:\/\/www.wp.kirche-ihrhove.de\/wordpress\/index.php?rest_route=%2Fwp%2Fv2%2Fmedia&parent=158"}],"curies":[{"name":"wp","href":"https:\/\/api.w.org\/{rel}","templated":true}]}}