{"id":160,"date":"2013-11-05T23:05:25","date_gmt":"2013-11-05T21:05:25","guid":{"rendered":"http:\/\/www.wp.kirche-ihrhove.de\/wordpress\/?page_id=160"},"modified":"2021-02-16T21:04:39","modified_gmt":"2021-02-16T20:04:39","slug":"senioren","status":"publish","type":"page","link":"http:\/\/www.wp.kirche-ihrhove.de\/wordpress\/?page_id=160","title":{"rendered":"Seniorenbegegnung"},"content":{"rendered":"\n<p>Die kirchliche Form der SeniorInnenarbeit ist durch die pastorale Er\u00f6ffnung und Leitung bestimmt. Angeboten wird eine gesellige Tee- und Kaffeetafel. Das jeweilige Programm ber\u00fccksichtigt pers\u00f6nliche und gemeinschaftliche Erfahrungen, Lebenszusammenh\u00e4nge und kirchliche T\u00e4tigkeiten. <\/p>\n\n\n\n<p>An jedem 3. Advent veranstaltet die Kirchengemeinde mit dem DRK-Ortsverein eine Weihnachtsfeier f\u00fcr alle \u00e4lteren Menschen in unserem Kirchspiel. <\/p>\n","protected":false},"excerpt":{"rendered":"<p>Die kirchliche Form der SeniorInnenarbeit ist durch die pastorale Er\u00f6ffnung und Leitung bestimmt. Angeboten wird eine gesellige Tee- und Kaffeetafel. Das jeweilige Programm ber\u00fccksichtigt pers\u00f6nliche und gemeinschaftliche Erfahrungen, Lebenszusammenh\u00e4nge und kirchliche T\u00e4tigkeiten. An jedem 3. Advent veranstaltet die Kirchengemeinde mit dem DRK-Ortsverein eine Weihnachtsfeier f\u00fcr alle \u00e4lteren Menschen in unserem Kirchspiel.<\/p>\n","protected":false},"author":1,"featured_media":0,"parent":0,"menu_order":0,"comment_status":"closed","ping_status":"closed","template":"","meta":{"ngg_post_thumbnail":0,"footnotes":""},"class_list":["post-160","page","type-page","status-publish","hentry"],"_links":{"self":[{"href":"http:\/\/www.wp.kirche-ihrhove.de\/wordpress\/index.php?rest_route=\/wp\/v2\/pages\/160","targetHints":{"allow":["GET"]}}],"collection":[{"href":"http:\/\/www.wp.kirche-ihrhove.de\/wordpress\/index.php?rest_route=\/wp\/v2\/pages"}],"about":[{"href":"http:\/\/www.wp.kirche-ihrhove.de\/wordpress\/index.php?rest_route=\/wp\/v2\/types\/page"}],"author":[{"embeddable":true,"href":"http:\/\/www.wp.kirche-ihrhove.de\/wordpress\/index.php?rest_route=\/wp\/v2\/users\/1"}],"replies":[{"embeddable":true,"href":"http:\/\/www.wp.kirche-ihrhove.de\/wordpress\/index.php?rest_route=%2Fwp%2Fv2%2Fcomments&post=160"}],"version-history":[{"count":4,"href":"http:\/\/www.wp.kirche-ihrhove.de\/wordpress\/index.php?rest_route=\/wp\/v2\/pages\/160\/revisions"}],"predecessor-version":[{"id":615,"href":"http:\/\/www.wp.kirche-ihrhove.de\/wordpress\/index.php?rest_route=\/wp\/v2\/pages\/160\/revisions\/615"}],"wp:attachment":[{"href":"http:\/\/www.wp.kirche-ihrhove.de\/wordpress\/index.php?rest_route=%2Fwp%2Fv2%2Fmedia&parent=160"}],"curies":[{"name":"wp","href":"https:\/\/api.w.org\/{rel}","templated":true}]}}