{"id":168,"date":"2013-11-05T23:15:24","date_gmt":"2013-11-05T21:15:24","guid":{"rendered":"http:\/\/www.wp.kirche-ihrhove.de\/wordpress\/?page_id=168"},"modified":"2024-04-17T20:22:19","modified_gmt":"2024-04-17T19:22:19","slug":"verfassung","status":"publish","type":"page","link":"http:\/\/www.wp.kirche-ihrhove.de\/wordpress\/?page_id=168","title":{"rendered":"Verfassung"},"content":{"rendered":"\n<p><em>&#8222;Keine\nGemeinde darf \u00fcber eine andere, kein Gemeindeglied \u00fcber ein anderes Vorrang\noder Herrschaft beanspruchen. Alle Kirchenleitung erfolgt durch Presbyterien\n(Kirchenr\u00e4te) und Synoden.&#8220; (Kirchenverfassung \u00a74, Abs. 1)<\/em><\/p>\n\n\n\n<p>Dieser\nGrundsatz in unserer Kirchenverfassung geht zur\u00fcck auf Beschl\u00fcsse der Emder\nSynode von 1571, die auf der Grundlage der Genfer Kirchenordnung des\nReformators Johannes Calvin entwickelt wurde.<\/p>\n\n\n\n<p>Das hieraus entstandene Ordnungsprinzip nennt sich presbyterial-synodale Struktur. Das hei\u00dft: die Leitung liegt nicht bei Einzelpersonen, sondern in auf Zeit gew\u00e4hlten Gremien. In der Gemeinde ist es der Kirchenrat sowie im Synodalverband (Kirchenkreis) die Synode mit ihrem Moderamen und in der Landeskirche die Gesamtsynode mit ihrem Moderamen. Die Verfassung der Evangelisch-reformierten Kirche kennt in der Kirche kein &#8222;oben&#8220; und &#8222;unten&#8220;.<\/p>\n\n\n\n<p>Kirchenleitung\nist in der Evangelisch-reformierten Kirche im Wesentlichen auf drei Ebenen eingerichtet:<\/p>\n\n\n\n<figure class=\"wp-block-image size-large\"><a href=\"http:\/\/www.wp.kirche-ihrhove.de\/wordpress\/?page_id=1566\"><img loading=\"lazy\" decoding=\"async\" width=\"233\" height=\"195\" src=\"http:\/\/www.wp.kirche-ihrhove.de\/wordpress\/wp-content\/uploads\/2021\/03\/image.png\" alt=\"\" class=\"wp-image-674\"\/><\/a><\/figure>\n\n\n\n<p>Angelegenheiten\nwerden nur dann an eine andere Ebene abgegeben, wenn sie vor Ort (in der\nKirchengemeinde oder im Synodalverband) nicht entschieden werden k\u00f6nnen\n(innerkirchliches Subsidiarit\u00e4tsprinzip).<\/p>\n\n\n\n<p><em>&#8222;Die Gemeinden ordnen ihre Angelegenheiten selbstst\u00e4ndig. Den Synoden wird vorgelegt, was in der Gemeinde nicht hat entschieden werden k\u00f6nnen.&#8220;<\/em> (Kirchenverfassung \u00a74, Abs.)<\/p>\n\n\n\n<h3 class=\"wp-block-heading\">Die Gemeinde<\/h3>\n\n\n\n<p>Die Gemeinde ist nach reformiertem Verst\u00e4ndnis der Ort, an dem sich das\nLeben der Kirche vollzieht.<\/p>\n\n\n\n<p>Die Leitung der Kirchengemeinde liegt in allen Belangen beim Kirchenrat:<br>&#8211; <strong>geistlich<\/strong> (Verantwortung f\u00fcr Predigt, Taufe, Abendmahl, alle Amtshandlungen und den Unterricht) <br><strong>&#8211; rechtlich<\/strong> (z.B. Einstellung und Entlassung der Mitarbeiter und Mitarbeiterinnen) <br>&#8211; <strong>wirtschaftlich<\/strong> (mit der Gemeindevertretung z.B. Verwaltung des Verm\u00f6gens, Haushaltsaufstellung, Rechnungsf\u00fchrung)<\/p>\n\n\n\n<p>Der Kirchenrat und die Gemeindevertretung sowie die Pfarrstellen werden\ndurch Gemeindewahl besetzt. Wahlberechtigt sind alle konfirmierten\nGemeindeglieder. Die Landeskirche besitzt kein Besetzungs- und\nVersetzungsrecht.<\/p>\n\n\n\n<figure class=\"wp-block-image size-large\"><img loading=\"lazy\" decoding=\"async\" width=\"233\" height=\"192\" src=\"http:\/\/www.wp.kirche-ihrhove.de\/wordpress\/wp-content\/uploads\/2021\/03\/image-1.png\" alt=\"\" class=\"wp-image-675\"\/><\/figure>\n\n\n\n<p>Der Pfarrer oder die Pfarrerin geh\u00f6rt dem Kirchenrat kraft Amtes an und ist\nein Mitglied unter anderen. <em>&#8222;Die Gemeinden w\u00e4hlen ihre Pfarrer oder\nPfarrerinnen auf Vorschlag des Kirchenrates frei aus allen w\u00e4hlbaren Predigern\nund Predigerinnen&#8220;<\/em><em> (Kirchenverfassung \u00a74, Abs. 3)<\/em><\/p>\n\n\n\n<p>In den synodalen Zusammenschl\u00fcssen (im Synodalverband und der Gesamtsynode)\nstellt sich die Einheit der Kirche dar; hier wird die kirchliche Gemeinschaft\ndurch gemeinsame Regelungen und gegenseitige Unterst\u00fctzung gelebt.<\/p>\n\n\n\n<h3 class=\"wp-block-heading\">Die Synodalverb\u00e4nde<\/h3>\n\n\n\n<p>Die Kirchengemeinden einer Region sind in einem Synodalverband\nzusammengeschlossen. <\/p>\n\n\n\n<figure class=\"wp-block-image size-large\"><img loading=\"lazy\" decoding=\"async\" width=\"242\" height=\"277\" src=\"http:\/\/www.wp.kirche-ihrhove.de\/wordpress\/wp-content\/uploads\/2021\/03\/image-2.png\" alt=\"\" class=\"wp-image-676\" srcset=\"http:\/\/www.wp.kirche-ihrhove.de\/wordpress\/wp-content\/uploads\/2021\/03\/image-2.png 242w, http:\/\/www.wp.kirche-ihrhove.de\/wordpress\/wp-content\/uploads\/2021\/03\/image-2-240x275.png 240w\" sizes=\"auto, (max-width: 242px) 100vw, 242px\" \/><\/figure>\n\n\n\n<p><em>&#8222;Den Synoden obliegt die Leitung, Verwaltung und Vertretung der\nKirche in allen ihren Diensten, soweit diese nicht von den Kirchengemeinden\nallein erf\u00fcllt werden.&#8220;<\/em><em> (Kirchenverfassung \u00a751, Abs. 2)<\/em><\/p>\n\n\n\n<p>Die Synode des Synodalverbands kommt einmal j\u00e4hrlich zusammen, um die\nAngelegenheiten zu regeln, die von den einzelnen Kirchengemeinden nicht\nerledigt werden k\u00f6nnen oder die alle oder mehrere Gemeinden angehen.<\/p>\n\n\n\n<p>Der bzw. die Vorsitzende der Synode hei\u00dft Pr\u00e4ses oder Frau Pr\u00e4ses und repr\u00e4sentiert den Synodalverband nach au\u00dfen. Mit den Beisitzern bildet er bzw. sie das Moderamen der Synode, das zwischen den Synodaltagungen die n\u00f6tigen Entscheidungen trifft.<br> <\/p>\n\n\n\n<h3 class=\"wp-block-heading\">Die Gesamtsynode<\/h3>\n\n\n\n<p>Die Leitung der Kirche liegt bei der Gesamtsynode. Die Synoden der neun Synodalverb\u00e4nde w\u00e4hlen ihrer Gr\u00f6\u00dfe entsprechend die Mitglieder der Gesamtsynode. Die f\u00fcr die Wahl geltenden Bestimmungen sorgen daf\u00fcr, dass die Anzahl der eine Pfarrstelle innehabenden Personen immer niedriger ist als die der anderen Mitglieder. Insgesamt besteht die Gesamtsynode aus 57 gew\u00e4hlten Mitgliedern sowie dem Kirchenpr\u00e4sidenten oder der Kirchenpr\u00e4sidentin und mit beratender Stimme dem Vizepr\u00e4sidenten oder der Vizepr\u00e4sidentin. Dazu kann die Gesamtsynode drei zus\u00e4tzliche Mitglieder berufen.<\/p>\n\n\n\n<figure class=\"wp-block-image size-large\"><img loading=\"lazy\" decoding=\"async\" width=\"186\" height=\"191\" src=\"http:\/\/www.wp.kirche-ihrhove.de\/wordpress\/wp-content\/uploads\/2021\/03\/image-3.png\" alt=\"\" class=\"wp-image-677\"\/><\/figure>\n\n\n\n<p>Die Gesamtsynode tagt zweimal j\u00e4hrlich &#8211; meistens in Emden der \u201eJohannes a\nLasco Bibliothek\u201c. Die Synodaltagungen werden vom Pr\u00e4ses oder der Pr\u00e4ses\ngeleitet.<\/p>\n\n\n\n<div style=\"height:59px\" aria-hidden=\"true\" class=\"wp-block-spacer\"><\/div>\n\n\n\n<h3 class=\"wp-block-heading\">Evangelisch-reformierte Kirche<\/h3>\n\n\n\n<p>Die Evangelisch-reformierte Kirche ist eine der 20\nGliedkirchen der Evangelischen Kirche in Deutschland (EKD). Die 143 evangelisch-reformierten\nKirchengemeinden mit etwa 168.500 Gemeindegliedern verteilen sich \u00fcber das ganze\nBundesgebiet. Sie sind in neun Synodalverb\u00e4nde gegliedert; vornehmlich in\nOstfriesland, dem Emsland, in der Grafschaft Bentheim sowie im \u00f6stlichen\nNiedersachen und in Bayern.<\/p>\n\n\n\n<p>Tradition und Selbstverst\u00e4ndnis der evangelisch-reformierten\n(d. h. erneuerten) Kirche gehen zur\u00fcck auf den Z\u00fcrcher Reformator Ulrich\nZwingli und den Genfer Reformator Johannes Calvin.<\/p>\n\n\n\n<p>Als Landeskirche eingerichtet wurde die\nEvangelisch-reformierte Kirche 1882, als der deutsche Kaiser und preu\u00dfische\nK\u00f6nig den reformierten Gemeinden in der Provinz Hannover gestattete, sich zu\neiner Synode zusammenzuschlie\u00dfen. Sp\u00e4ter wurde daraus die\nEvangelisch-reformierte Kirche in Nordwestdeutschland. 1988 schloss sie sich\nmit der Evangelisch-reformierten Kirche in Bayern zusammen, seitdem als\nEvangelisch-reformierte Kirche.<\/p>\n\n\n\n<p>Die Evangelisch-reformierte Kirche versteht sich als\nevangelische Gemeindekirche mit presbyterial-synodaler Struktur. Das hei\u00dft: Die\nLeitung liegt auf allen Ebenen in gew\u00e4hlten Gremien. Auch die Pastoren und\nPastorinnen werden in freier Wahl von den Gemeindegliedern bestimmt.<\/p>\n\n\n\n<p>Die Kirche wird von der Gesamtsynode geleitet, der 57\nMitglieder aus den neun Synodalverb\u00e4nden angeh\u00f6ren. Der Pr\u00e4ses leitet die\nSynode. Das Moderamen ist die st\u00e4ndige Vertretung der Gesamtsynode.<\/p>\n\n\n\n<p>Der Sitz des Landeskirchenamtes ist in Leer\n(Ostfriesland). Leitender Geistlicher ist der Kirchenpr\u00e4sident oder die\nKirchenpr\u00e4sidentin.<\/p>\n","protected":false},"excerpt":{"rendered":"<p>&#8222;Keine Gemeinde darf \u00fcber eine andere, kein Gemeindeglied \u00fcber ein anderes Vorrang oder Herrschaft beanspruchen. Alle Kirchenleitung erfolgt durch Presbyterien (Kirchenr\u00e4te) und Synoden.&#8220; (Kirchenverfassung \u00a74, Abs. 1) Dieser Grundsatz in unserer Kirchenverfassung geht zur\u00fcck auf Beschl\u00fcsse der Emder Synode von 1571, die auf der Grundlage der Genfer Kirchenordnung des Reformators Johannes Calvin entwickelt wurde. Das [&hellip;]<\/p>\n","protected":false},"author":1,"featured_media":0,"parent":162,"menu_order":0,"comment_status":"closed","ping_status":"closed","template":"","meta":{"ngg_post_thumbnail":0,"footnotes":""},"class_list":["post-168","page","type-page","status-publish","hentry"],"_links":{"self":[{"href":"http:\/\/www.wp.kirche-ihrhove.de\/wordpress\/index.php?rest_route=\/wp\/v2\/pages\/168","targetHints":{"allow":["GET"]}}],"collection":[{"href":"http:\/\/www.wp.kirche-ihrhove.de\/wordpress\/index.php?rest_route=\/wp\/v2\/pages"}],"about":[{"href":"http:\/\/www.wp.kirche-ihrhove.de\/wordpress\/index.php?rest_route=\/wp\/v2\/types\/page"}],"author":[{"embeddable":true,"href":"http:\/\/www.wp.kirche-ihrhove.de\/wordpress\/index.php?rest_route=\/wp\/v2\/users\/1"}],"replies":[{"embeddable":true,"href":"http:\/\/www.wp.kirche-ihrhove.de\/wordpress\/index.php?rest_route=%2Fwp%2Fv2%2Fcomments&post=168"}],"version-history":[{"count":7,"href":"http:\/\/www.wp.kirche-ihrhove.de\/wordpress\/index.php?rest_route=\/wp\/v2\/pages\/168\/revisions"}],"predecessor-version":[{"id":1569,"href":"http:\/\/www.wp.kirche-ihrhove.de\/wordpress\/index.php?rest_route=\/wp\/v2\/pages\/168\/revisions\/1569"}],"up":[{"embeddable":true,"href":"http:\/\/www.wp.kirche-ihrhove.de\/wordpress\/index.php?rest_route=\/wp\/v2\/pages\/162"}],"wp:attachment":[{"href":"http:\/\/www.wp.kirche-ihrhove.de\/wordpress\/index.php?rest_route=%2Fwp%2Fv2%2Fmedia&parent=168"}],"curies":[{"name":"wp","href":"https:\/\/api.w.org\/{rel}","templated":true}]}}