{"id":178,"date":"2013-11-05T23:22:51","date_gmt":"2013-11-05T21:22:51","guid":{"rendered":"http:\/\/www.wp.kirche-ihrhove.de\/wordpress\/?page_id=178"},"modified":"2021-04-06T21:58:20","modified_gmt":"2021-04-06T20:58:20","slug":"gebaeude","status":"publish","type":"page","link":"http:\/\/www.wp.kirche-ihrhove.de\/wordpress\/?page_id=178","title":{"rendered":"Geb\u00e4ude"},"content":{"rendered":"\n<p><strong>Unser Kirchengeb\u00e4ude: <\/strong><\/p>\n\n\n\n<p>Unser Kirchengeb\u00e4ude ist im 13. Jahrhundert in der Dorfmitte auf einer &#8222;Warft&#8220; erbaut worden. Der Innenraum wurde durch die Reformation seit dem 16. Jahrhundert in einer evangelisch-reformierten Weise umgestaltet. So konzentriert sich sein Gebrauch auf den Predigtgottesdienst mit der Tauffeier und der Mahlfeier in der versammelten Gemeinde.<\/p>\n\n\n\n<figure class=\"wp-block-image size-large\"><img decoding=\"async\" src=\"\/wordpress\/wp-content\/gallery\/kirche2.jpg\" alt=\"\"\/><\/figure>\n\n\n\n<p>Der Eingang wurde im Jahr 1907 angebaut. Im selben Jahr wurde die Sitzempore eingebaut. Die Sitzb\u00e4nke aus Eichenholz wurden im Jahr 1958 aufgestellt. Der Fu\u00dfboden aus Sandsteinplatten und die Kirchent\u00fcr wurden im Jahr 1990 erneuert. Im August 2004 wurde die alte Treppe f\u00fcr die Orgelempore durch eine neue ersetzt. Dar\u00fcber hinaus wurde der Innenputz auf dem &#8222;Klingster Boden&#8220; erneuert.<\/p>\n\n\n\n<p>Im Jahr 2019 wurde eine umfassende Innenraumsanierung durchgef\u00fchrt.<\/p>\n\n\n\n<figure class=\"wp-block-image size-large\"><img decoding=\"async\" src=\"\/wordpress\/wp-content\/gallery\/kirche1.jpg\" alt=\"\"\/><figcaption>  Ehemalige Innenansicht mit Blick auf die &#8222;Sitzbank der Pastorenfamilie&#8220;. <\/figcaption><\/figure>\n\n\n\n<div style=\"height:36px\" aria-hidden=\"true\" class=\"wp-block-spacer\"><\/div>\n\n\n\n<p><strong>Der Glockenturm: <\/strong><\/p>\n\n\n\n<p>Unser selbstst\u00e4ndiger Glockenturm wurde im 15. Jahrhundert erbaut. 1951 wurden drei neue Glocken eingebaut.<\/p>\n\n\n\n<figure class=\"wp-block-image size-large\"><img decoding=\"async\" src=\"\/wordpress\/wp-content\/gallery\/turm2.jpg\" alt=\"\"\/><figcaption> Ansicht von der Denkmalstra\u00dfe. <\/figcaption><\/figure>\n\n\n\n<div style=\"height:36px\" aria-hidden=\"true\" class=\"wp-block-spacer\"><\/div>\n\n\n\n<figure class=\"wp-block-image size-large\"><img decoding=\"async\" src=\"\/wordpress\/wp-content\/gallery\/\/turm3.jpg\" alt=\"\"\/><\/figure>\n\n\n\n<figure class=\"wp-block-image size-large\"><img decoding=\"async\" src=\"\/wordpress\/wp-content\/gallery\/turm4.jpg\" alt=\"\"\/><figcaption> 1985 wurden der Dachstuhl und der Glockenstuhl erneuert. <\/figcaption><\/figure>\n\n\n\n<div style=\"height:36px\" aria-hidden=\"true\" class=\"wp-block-spacer\"><\/div>\n\n\n\n<figure class=\"wp-block-image size-large\"><img decoding=\"async\" src=\"\/wordpress\/wp-content\/gallery\/kugel1.jpg\" alt=\"\"\/><\/figure>\n\n\n\n<figure class=\"wp-block-image size-large\"><img decoding=\"async\" src=\"\/wordpress\/wp-content\/gallery\/kugel2.jpg\" alt=\"\"\/><figcaption> 1986 wurde die &#8222;Weltkugel&#8220; f\u00fcr unsere Turmspitze von Pastor Lothar Knoch und Klempner-Meister Jann Kramer best\u00fcckt. <\/figcaption><\/figure>\n\n\n\n<div style=\"height:36px\" aria-hidden=\"true\" class=\"wp-block-spacer\"><\/div>\n\n\n\n<p>1995 wurde das Mauerwerk in dem Durchgang ausgebessert. Vor dem Durchgang liegt ein Steinbecken, das bei Ausbesserungsarbeiten gefunden wurde und als Grundstein unter der Treppe an dem Kirchturm gebraucht wurde &#8211; m\u00f6glicherweise ist es ein Weihwasserbecken aus unserer Kirche in r\u00f6misch-katholischen Zeiten. <\/p>\n\n\n\n<div style=\"height:36px\" aria-hidden=\"true\" class=\"wp-block-spacer\"><\/div>\n\n\n\n<p><strong>Unsere Glocken:<\/strong><\/p>\n\n\n\n<p><strong>Die Inschriften der drei Glocken:<\/strong><\/p>\n\n\n\n<figure class=\"wp-block-image size-large\"><img decoding=\"async\" src=\"\/wordpress\/wp-content\/gallery\/glockgro.jpg\" alt=\"\"\/><figcaption> <strong>Gro\u00dfe Glocke: <\/strong><br>&#8222;ZUM GED\u00c4CHTNIS UNSERER TOTEN DES ZWEITEN WELTKRIEGES&#8220;<br>Schlagring Vorderseite: &#8222;EVANGELISCHE KIRCHENGEMEINDE IHRHOVE&#8220;<br>Flanke R\u00fcckseite: RPS 68,10 <\/figcaption><\/figure>\n\n\n\n<figure class=\"wp-block-image size-large\"><img decoding=\"async\" src=\"\/wordpress\/wp-content\/gallery\/glockmit.jpg\" alt=\"\"\/><figcaption> <strong>Mittlere Glocke:<\/strong><br>&#8222;ZUR ERINNERUNG AN UNSERE VERMISSTEN DES ZWEITEN WELTKRIEGES&#8220;<br>Schlagring Vorderseite: &#8222;EVANGELISCHE KIRCHENGEMEINDE IHRHOVE&#8220;<br>Flanke R\u00fcckseite: PSALM 68, V.20 <\/figcaption><\/figure>\n\n\n\n<figure class=\"wp-block-image size-large\"><img decoding=\"async\" src=\"\/wordpress\/wp-content\/gallery\/glockkl.jpg\" alt=\"\"\/><figcaption> <strong>Kleine Glocke:<\/strong><br>&#8222;EIN RUF ZUM DEUTSCHEN OSTEN&#8220;<br>Schlagring Vorderseite: &#8222;EVANGELISCHE KIRCHENGEMEINDE IHRHOVE&#8220;<br>Flanke R\u00fcckseite: &#8222;WIR SIND DOCH BR\u00dcDER&#8220; <\/figcaption><\/figure>\n\n\n\n<figure class=\"wp-block-image size-large\"><img decoding=\"async\" src=\"\/wordpress\/wp-content\/gallery\/glockall.jpg\" alt=\"\"\/><figcaption> Links unsere drei Glocken im Turm (vorne die Gro\u00dfe, hinten die Kleine)&nbsp; <\/figcaption><\/figure>\n\n\n\n<figure class=\"wp-block-image size-large\"><img decoding=\"async\" src=\"\/wordpress\/wp-content\/gallery\/glockalu.jpg\" alt=\"\"\/><\/figure>\n\n\n\n<div style=\"height:36px\" aria-hidden=\"true\" class=\"wp-block-spacer\"><\/div>\n\n\n\n<p><strong>Gemeindeb\u00fcro und Andachtshaus<\/strong><\/p>\n\n\n\n<figure class=\"wp-block-image size-large\"><img decoding=\"async\" src=\"\/wordpress\/wp-content\/gallery\/gembuero.jpg\" alt=\"\"\/><figcaption> Unser Gemeindeb\u00fcro in der ehemaligen Schule auf der linken Seite vom Glockenturm.  <\/figcaption><\/figure>\n\n\n\n<div style=\"height:36px\" aria-hidden=\"true\" class=\"wp-block-spacer\"><\/div>\n\n\n\n<figure class=\"wp-block-image size-large\"><img decoding=\"async\" src=\"\/wordpress\/wp-content\/gallery\/leihalle.jpg\" alt=\"\"\/><figcaption>  Auf der rechten Seite vom Glockenturm befindet sich unser Andachtshaus im ehemaligen Schulgeb\u00e4ude von 1911. Seit den siebziger Jahren und bis 2018 wurde das Geb\u00e4ude als Leichenhalle genutzt. Nach wie vor k\u00f6nnen dort Aufbahrungen eingerichtet werden.&nbsp; <\/figcaption><\/figure>\n\n\n\n<div style=\"height:36px\" aria-hidden=\"true\" class=\"wp-block-spacer\"><\/div>\n\n\n\n<p><strong>Gemeindezentrum:<\/strong><\/p>\n\n\n\n<figure class=\"wp-block-image size-large\"><img decoding=\"async\" src=\"\/wordpress\/wp-content\/gallery\/gemzentr.jpg\" alt=\"\"\/><figcaption> Unser Gemeindezentrum an der Bahnhofstra\u00dfe. In ihm werden Gruppenzusammenk\u00fcnfte,&nbsp; Sitzungen, Teetafeln und weitere Veranstaltungen durchgef\u00fchrt. <\/figcaption><\/figure>\n\n\n\n<div style=\"height:36px\" aria-hidden=\"true\" class=\"wp-block-spacer\"><\/div>\n\n\n\n<p><strong>Das Pfarrhaus:<\/strong><\/p>\n\n\n\n<figure class=\"wp-block-image size-large\"><img decoding=\"async\" src=\"\/wordpress\/wp-content\/gallery\/altpfarr.jpg\" alt=\"\"\/><figcaption> Das Pfarrhaus von 1894 an der Bahnhofstra\u00dfe. <\/figcaption><\/figure>\n","protected":false},"excerpt":{"rendered":"<p>Unser Kirchengeb\u00e4ude: Unser Kirchengeb\u00e4ude ist im 13. Jahrhundert in der Dorfmitte auf einer &#8222;Warft&#8220; erbaut worden. Der Innenraum wurde durch die Reformation seit dem 16. Jahrhundert in einer evangelisch-reformierten Weise umgestaltet. So konzentriert sich sein Gebrauch auf den Predigtgottesdienst mit der Tauffeier und der Mahlfeier in der versammelten Gemeinde. Der Eingang wurde im Jahr 1907 [&hellip;]<\/p>\n","protected":false},"author":1,"featured_media":0,"parent":176,"menu_order":0,"comment_status":"closed","ping_status":"closed","template":"","meta":{"ngg_post_thumbnail":0,"footnotes":""},"class_list":["post-178","page","type-page","status-publish","hentry"],"_links":{"self":[{"href":"http:\/\/www.wp.kirche-ihrhove.de\/wordpress\/index.php?rest_route=\/wp\/v2\/pages\/178","targetHints":{"allow":["GET"]}}],"collection":[{"href":"http:\/\/www.wp.kirche-ihrhove.de\/wordpress\/index.php?rest_route=\/wp\/v2\/pages"}],"about":[{"href":"http:\/\/www.wp.kirche-ihrhove.de\/wordpress\/index.php?rest_route=\/wp\/v2\/types\/page"}],"author":[{"embeddable":true,"href":"http:\/\/www.wp.kirche-ihrhove.de\/wordpress\/index.php?rest_route=\/wp\/v2\/users\/1"}],"replies":[{"embeddable":true,"href":"http:\/\/www.wp.kirche-ihrhove.de\/wordpress\/index.php?rest_route=%2Fwp%2Fv2%2Fcomments&post=178"}],"version-history":[{"count":31,"href":"http:\/\/www.wp.kirche-ihrhove.de\/wordpress\/index.php?rest_route=\/wp\/v2\/pages\/178\/revisions"}],"predecessor-version":[{"id":759,"href":"http:\/\/www.wp.kirche-ihrhove.de\/wordpress\/index.php?rest_route=\/wp\/v2\/pages\/178\/revisions\/759"}],"up":[{"embeddable":true,"href":"http:\/\/www.wp.kirche-ihrhove.de\/wordpress\/index.php?rest_route=\/wp\/v2\/pages\/176"}],"wp:attachment":[{"href":"http:\/\/www.wp.kirche-ihrhove.de\/wordpress\/index.php?rest_route=%2Fwp%2Fv2%2Fmedia&parent=178"}],"curies":[{"name":"wp","href":"https:\/\/api.w.org\/{rel}","templated":true}]}}