{"id":182,"date":"2013-11-05T23:25:17","date_gmt":"2013-11-05T21:25:17","guid":{"rendered":"http:\/\/www.wp.kirche-ihrhove.de\/wordpress\/?page_id=182"},"modified":"2021-04-06T22:05:06","modified_gmt":"2021-04-06T21:05:06","slug":"schaetze","status":"publish","type":"page","link":"http:\/\/www.wp.kirche-ihrhove.de\/wordpress\/?page_id=182","title":{"rendered":"Vasa Sacra"},"content":{"rendered":"\n<p><strong>Kanzel<\/strong><\/p>\n\n\n\n<figure class=\"wp-block-image size-large\"><img decoding=\"async\" src=\"\/wordpress\/wp-content\/gallery\/kanzel.jpg\" alt=\"\"\/><figcaption> Unsere Kanzel aus Eichenholz wurde vor dem Jahr 1572 hergestellt und 1989 restauriert.<br>Der Tisch in der Mitte der Kirche wurde 1990 aus Eichenholz hergestellt, nachdem sein Vorg\u00e4nger nicht mehr erhalten worden war. <\/figcaption><\/figure>\n\n\n\n<div style=\"height:20px\" aria-hidden=\"true\" class=\"wp-block-spacer\"><\/div>\n\n\n\n<p><strong>Taufstein<\/strong><\/p>\n\n\n\n<figure class=\"wp-block-image size-large\"><img decoding=\"async\" src=\"\/wordpress\/wp-content\/gallery\/taufst.jpg\" alt=\"\"\/><figcaption> Unser Taufstein ist eine &#8222;F\u00fcnte&#8220; aus Bentheimer Sandstein aus dem 13. Jahrhundert und wurde 1990 ausgebessert und mit einer neuen kupfernen Taufschale ausgestattet. <\/figcaption><\/figure>\n\n\n\n<div style=\"height:20px\" aria-hidden=\"true\" class=\"wp-block-spacer\"><\/div>\n\n\n\n<p><strong>Taufkelch von 1868<\/strong><\/p>\n\n\n\n<figure class=\"wp-block-image size-large\"><img decoding=\"async\" src=\"\/wordpress\/wp-content\/gallery\/taufkel.jpg\" alt=\"\"\/><figcaption> &#8222;Evangel. reform. Kirche zu Ihrhove<br>Matth. 28, 18-20&#8243; <\/figcaption><\/figure>\n\n\n\n<div style=\"height:20px\" aria-hidden=\"true\" class=\"wp-block-spacer\"><\/div>\n\n\n\n<p><strong>vorreformatorischer vergoldeter Silberkelch<\/strong><\/p>\n\n\n\n<figure class=\"wp-block-image size-large\"><img decoding=\"async\" src=\"\/wordpress\/wp-content\/gallery\/mahlkel.jpg\" alt=\"\"\/><figcaption> &#8222;Habbo&nbsp;&#8230; heet gheven dossen kelck MCVII &#8230;&#8220; <br>(Habbo &#8230; hat gegeben diesen&nbsp;Kelch 1502 &#8230;) <\/figcaption><\/figure>\n\n\n\n<div style=\"height:20px\" aria-hidden=\"true\" class=\"wp-block-spacer\"><\/div>\n\n\n\n<p><strong>Orgel<\/strong><\/p>\n\n\n\n<figure class=\"wp-block-image size-large\"><img decoding=\"async\" src=\"\/wordpress\/wp-content\/gallery\/orgel.jpg\" alt=\"\"\/><figcaption> Auf unserer Orgelempore aus dem Jahr 1789 wurde eine &#8222;F\u00fchrer-Orgel&#8220; mit Hauptwerk, R\u00fcckpositiv und Pedalwerk zu 16 Registern auf 2 Manualen und Pedal. Sie wurde 1967 in Wilhelmshaven gebaut und 1995 erneuert und mit einem Schleierwerk erg\u00e4nzt. Ihre Vorg\u00e4ngerinnen waren eine Orgel mit 12 Registern auf 1 Manual mit angeh\u00e4ngtem Pedal aus dem Jahr 1790 von einem unbekannten Meister sowie eine &#8222;Sauer-Orgel&#8220; mit 16 Registern auf 2 Manualen mit freiem Pedal aus dem Jahr 1935 aus Frankfurt an der Oder. <\/figcaption><\/figure>\n\n\n\n<div style=\"height:20px\" aria-hidden=\"true\" class=\"wp-block-spacer\"><\/div>\n\n\n\n<p><strong>Lichterkrone<\/strong><\/p>\n\n\n\n<figure class=\"wp-block-image size-large\"><img decoding=\"async\" src=\"\/wordpress\/wp-content\/gallery\/licht.jpg\" alt=\"\"\/><figcaption> Auf unserer &#8222;Lichterkrone&#8220; kann folgende eingravierte Widmung entziffert werden: &#8222;Harmen Geertsz van lutiewolde gift deze Kroon te hieroove ter eere an de Kerk 1687&#8220; (Hermen Geeritsz von L\u00fctjewolde gibt diese Krone zu Ihrhove zur Ehre an die Kirche 1687). <\/figcaption><\/figure>\n\n\n\n<div style=\"height:20px\" aria-hidden=\"true\" class=\"wp-block-spacer\"><\/div>\n\n\n\n<p><strong>Konfirmationsurkunde von 1918<\/strong><\/p>\n\n\n\n<figure class=\"wp-block-image size-large\"><img decoding=\"async\" src=\"\/wordpress\/wp-content\/gallery\/uk1gross.jpg\" alt=\"\"\/><\/figure>\n\n\n\n<div style=\"height:20px\" aria-hidden=\"true\" class=\"wp-block-spacer\"><\/div>\n\n\n\n<p><strong>Konfirmationsurkunde von 1946<\/strong><\/p>\n\n\n\n<figure class=\"wp-block-image size-large\"><img decoding=\"async\" src=\"\/wordpress\/wp-content\/gallery\/uk2gross.jpg\" alt=\"\"\/><\/figure>\n","protected":false},"excerpt":{"rendered":"<p>Kanzel Taufstein Taufkelch von 1868 vorreformatorischer vergoldeter Silberkelch Orgel Lichterkrone Konfirmationsurkunde von 1918 Konfirmationsurkunde von 1946<\/p>\n","protected":false},"author":1,"featured_media":0,"parent":176,"menu_order":0,"comment_status":"closed","ping_status":"closed","template":"","meta":{"ngg_post_thumbnail":0,"footnotes":""},"class_list":["post-182","page","type-page","status-publish","hentry"],"_links":{"self":[{"href":"http:\/\/www.wp.kirche-ihrhove.de\/wordpress\/index.php?rest_route=\/wp\/v2\/pages\/182","targetHints":{"allow":["GET"]}}],"collection":[{"href":"http:\/\/www.wp.kirche-ihrhove.de\/wordpress\/index.php?rest_route=\/wp\/v2\/pages"}],"about":[{"href":"http:\/\/www.wp.kirche-ihrhove.de\/wordpress\/index.php?rest_route=\/wp\/v2\/types\/page"}],"author":[{"embeddable":true,"href":"http:\/\/www.wp.kirche-ihrhove.de\/wordpress\/index.php?rest_route=\/wp\/v2\/users\/1"}],"replies":[{"embeddable":true,"href":"http:\/\/www.wp.kirche-ihrhove.de\/wordpress\/index.php?rest_route=%2Fwp%2Fv2%2Fcomments&post=182"}],"version-history":[{"count":7,"href":"http:\/\/www.wp.kirche-ihrhove.de\/wordpress\/index.php?rest_route=\/wp\/v2\/pages\/182\/revisions"}],"predecessor-version":[{"id":765,"href":"http:\/\/www.wp.kirche-ihrhove.de\/wordpress\/index.php?rest_route=\/wp\/v2\/pages\/182\/revisions\/765"}],"up":[{"embeddable":true,"href":"http:\/\/www.wp.kirche-ihrhove.de\/wordpress\/index.php?rest_route=\/wp\/v2\/pages\/176"}],"wp:attachment":[{"href":"http:\/\/www.wp.kirche-ihrhove.de\/wordpress\/index.php?rest_route=%2Fwp%2Fv2%2Fmedia&parent=182"}],"curies":[{"name":"wp","href":"https:\/\/api.w.org\/{rel}","templated":true}]}}