{"id":22,"date":"2013-11-02T23:40:33","date_gmt":"2013-11-02T21:40:33","guid":{"rendered":"http:\/\/www.wp.kirche-ihrhove.de\/wordpress\/?page_id=22"},"modified":"2021-06-01T20:32:56","modified_gmt":"2021-06-01T19:32:56","slug":"gottesdienst","status":"publish","type":"page","link":"http:\/\/www.wp.kirche-ihrhove.de\/wordpress\/?page_id=22","title":{"rendered":"Gottesdienst"},"content":{"rendered":"\n<div class=\"wp-block-group\"><div class=\"wp-block-group__inner-container is-layout-flow wp-block-group-is-layout-flow\">\n<p> <\/p>\n\n\n\n<figure class=\"wp-block-image size-large\"><img decoding=\"async\" src=\"\/wordpress\/wp-content\/gallery\/gdienst.jpg\" alt=\"Dieses Bild hat ein leeres Alt-Attribut. Der Dateiname ist gdienst.jpg\"\/><figcaption> Sonn- und Feiertags feiern wir Gottesdienst um 9:30 Uhr<br>in unserer evangelisch-reformierten Kirche  <\/figcaption><\/figure>\n\n\n\n<p> Unsere Gottesdienstordnung: <\/p>\n\n\n\n<ul class=\"wp-block-list\"><li>Glockengel\u00e4ut<\/li><li>Pr\u00e4ludium<\/li><li>Er\u00f6ffnung<\/li><li>1.Gemeindegesang mit namentlicher F\u00fcrbitte<\/li><li>Gebet<\/li><li>Bibellesung<\/li><li>gemeinsames Apostolisches Glaubensbekenntnis<\/li><li>2. Gemeindegesang mit Diakoniesammlung<\/li><li>Predigt<\/li><li>3. Gemeindegesang<\/li><li>F\u00fcrbitten<\/li><li>gelegentliche Tauffeier oder Mahlfeier<\/li><li>Abk\u00fcndigungen<\/li><li>gemeinsames Gebet von Jesus<\/li><li>4. Gemeindegesang<\/li><li>Segenszuspruch<\/li><li>Postludium und Ausgang mit Kollekte<\/li><\/ul>\n\n\n\n<p>Gebr\u00e4uchliche Bibelausgabe ist die &#8222;Luther-Bibel&#8220;. Gelegentlich werden auch die &#8222;Z\u00fcrcher Bibel&#8220; sowie die &#8222;Gute Nachricht&#8220; oder die &#8222;Neukirchener Kinderbibel&#8220; eingesetzt. F\u00fcr den Gemeindegesang wird das &#8222;Evangelische Gesangbuch (Westausgabe)&#8220; mit den 150 &#8222;Reimpsalmen&#8220; benutzt. <\/p>\n<\/div><\/div>\n","protected":false},"excerpt":{"rendered":"<p>Unsere Gottesdienstordnung: Glockengel\u00e4ut Pr\u00e4ludium Er\u00f6ffnung 1.Gemeindegesang mit namentlicher F\u00fcrbitte Gebet Bibellesung gemeinsames Apostolisches Glaubensbekenntnis 2. Gemeindegesang mit Diakoniesammlung Predigt 3. Gemeindegesang F\u00fcrbitten gelegentliche Tauffeier oder Mahlfeier Abk\u00fcndigungen gemeinsames Gebet von Jesus 4. Gemeindegesang Segenszuspruch Postludium und Ausgang mit Kollekte Gebr\u00e4uchliche Bibelausgabe ist die &#8222;Luther-Bibel&#8220;. Gelegentlich werden auch die &#8222;Z\u00fcrcher Bibel&#8220; sowie die &#8222;Gute Nachricht&#8220; oder [&hellip;]<\/p>\n","protected":false},"author":1,"featured_media":0,"parent":0,"menu_order":0,"comment_status":"closed","ping_status":"open","template":"","meta":{"ngg_post_thumbnail":0,"footnotes":""},"class_list":["post-22","page","type-page","status-publish","hentry"],"_links":{"self":[{"href":"http:\/\/www.wp.kirche-ihrhove.de\/wordpress\/index.php?rest_route=\/wp\/v2\/pages\/22","targetHints":{"allow":["GET"]}}],"collection":[{"href":"http:\/\/www.wp.kirche-ihrhove.de\/wordpress\/index.php?rest_route=\/wp\/v2\/pages"}],"about":[{"href":"http:\/\/www.wp.kirche-ihrhove.de\/wordpress\/index.php?rest_route=\/wp\/v2\/types\/page"}],"author":[{"embeddable":true,"href":"http:\/\/www.wp.kirche-ihrhove.de\/wordpress\/index.php?rest_route=\/wp\/v2\/users\/1"}],"replies":[{"embeddable":true,"href":"http:\/\/www.wp.kirche-ihrhove.de\/wordpress\/index.php?rest_route=%2Fwp%2Fv2%2Fcomments&post=22"}],"version-history":[{"count":13,"href":"http:\/\/www.wp.kirche-ihrhove.de\/wordpress\/index.php?rest_route=\/wp\/v2\/pages\/22\/revisions"}],"predecessor-version":[{"id":807,"href":"http:\/\/www.wp.kirche-ihrhove.de\/wordpress\/index.php?rest_route=\/wp\/v2\/pages\/22\/revisions\/807"}],"wp:attachment":[{"href":"http:\/\/www.wp.kirche-ihrhove.de\/wordpress\/index.php?rest_route=%2Fwp%2Fv2%2Fmedia&parent=22"}],"curies":[{"name":"wp","href":"https:\/\/api.w.org\/{rel}","templated":true}]}}