{"id":28,"date":"2013-11-02T21:25:27","date_gmt":"2013-11-02T19:25:27","guid":{"rendered":"http:\/\/www.wp.kirche-ihrhove.de\/wordpress\/?page_id=28"},"modified":"2021-02-16T21:49:14","modified_gmt":"2021-02-16T20:49:14","slug":"kirchenchor","status":"publish","type":"page","link":"http:\/\/www.wp.kirche-ihrhove.de\/wordpress\/?page_id=28","title":{"rendered":"Kirchenchor"},"content":{"rendered":"\n<p>Unser Kirchenchor wurde im Jahre 1907 von Lehrer und Kantor Johann Wieking gegr\u00fcndet, der ihn bis in die Zeit des 2. Weltkrieges leitete. Nach dem Krieg begann Lehrer Johannes Rosenboom mit seinem Neuaufbau. Ihm folgten G. Nalezinski, Johann Wieking, Georg Z\u00fcchner, Georg M\u00fcller, Johann Scheele und G\u00fcnther Penning. Seit 2016 haben Trude Weber und Karla Loger die Chorleitung \u00fcbernommen.<\/p>\n\n\n\n<p>Unser Kirchenchor kommt jeden Donnerstag um 20 Uhr im Gemeindezentrum zusammen. Neue Mitglieder sind herzlich willkommen, sie werden schnell in die Chorgemeinschaft und die einzelnen Stimmgruppen aufgenommen. Vom 1. Advent bis zum Ewigkeitssonntag beteiligt sich unser Kirchenchor regelm\u00e4\u00dfig an der musikalischen Gottesdienstgestaltung.<\/p>\n\n\n\n<p>Auch die Geselligkeit ist ein wichtiges Merkmal in jeder Probe. Darum beginnt unser Kirchenchor seinen Jahresanfang mit einem &#8222;Teeabend&#8220;. Damit verbunden sind die Jubil\u00e4ums-Ehrungen f\u00fcr langj\u00e4hrige Mitgliedschaft, ein R\u00fcckblick auf die Eins\u00e4tze des vergangenen Jahres und ein Dankesch\u00f6n der Chorleitung f\u00fcr ihre Unterst\u00fctzung.<\/p>\n\n\n\n<p>Am Himmelfahrtsfeiertag beteiligt sich unser Kirchenchor mit Ch\u00f6ren aus unserem Synodalverband in der Evenburg in Leer-Loga.<\/p>\n\n\n\n<p>Die Sommerpause wird mit einem gem\u00fctlichen Grillabend eingeleitet. Ein Ausflug ins &#8222;Gr\u00fcne&#8220; nach der Sommerpause versammelt den Chor f\u00fcr das weitere Kirchenjahr, bevor die Advents- und Weihnachtszeit beginnt.<\/p>\n\n\n\n<p><a href=\"mailto:kirchenchor@kirche-ihrhove.de\">Mail an Kirchenchor<\/a><\/p>\n\n\n\n<p><\/p>\n","protected":false},"excerpt":{"rendered":"<p>Unser Kirchenchor wurde im Jahre 1907 von Lehrer und Kantor Johann Wieking gegr\u00fcndet, der ihn bis in die Zeit des 2. Weltkrieges leitete. Nach dem Krieg begann Lehrer Johannes Rosenboom mit seinem Neuaufbau. Ihm folgten G. Nalezinski, Johann Wieking, Georg Z\u00fcchner, Georg M\u00fcller, Johann Scheele und G\u00fcnther Penning. Seit 2016 haben Trude Weber und Karla [&hellip;]<\/p>\n","protected":false},"author":1,"featured_media":0,"parent":45,"menu_order":0,"comment_status":"closed","ping_status":"closed","template":"","meta":{"ngg_post_thumbnail":0,"footnotes":""},"class_list":["post-28","page","type-page","status-publish","hentry"],"_links":{"self":[{"href":"http:\/\/www.wp.kirche-ihrhove.de\/wordpress\/index.php?rest_route=\/wp\/v2\/pages\/28","targetHints":{"allow":["GET"]}}],"collection":[{"href":"http:\/\/www.wp.kirche-ihrhove.de\/wordpress\/index.php?rest_route=\/wp\/v2\/pages"}],"about":[{"href":"http:\/\/www.wp.kirche-ihrhove.de\/wordpress\/index.php?rest_route=\/wp\/v2\/types\/page"}],"author":[{"embeddable":true,"href":"http:\/\/www.wp.kirche-ihrhove.de\/wordpress\/index.php?rest_route=\/wp\/v2\/users\/1"}],"replies":[{"embeddable":true,"href":"http:\/\/www.wp.kirche-ihrhove.de\/wordpress\/index.php?rest_route=%2Fwp%2Fv2%2Fcomments&post=28"}],"version-history":[{"count":5,"href":"http:\/\/www.wp.kirche-ihrhove.de\/wordpress\/index.php?rest_route=\/wp\/v2\/pages\/28\/revisions"}],"predecessor-version":[{"id":636,"href":"http:\/\/www.wp.kirche-ihrhove.de\/wordpress\/index.php?rest_route=\/wp\/v2\/pages\/28\/revisions\/636"}],"up":[{"embeddable":true,"href":"http:\/\/www.wp.kirche-ihrhove.de\/wordpress\/index.php?rest_route=\/wp\/v2\/pages\/45"}],"wp:attachment":[{"href":"http:\/\/www.wp.kirche-ihrhove.de\/wordpress\/index.php?rest_route=%2Fwp%2Fv2%2Fmedia&parent=28"}],"curies":[{"name":"wp","href":"https:\/\/api.w.org\/{rel}","templated":true}]}}