{"id":290,"date":"2013-11-09T16:34:16","date_gmt":"2013-11-09T14:34:16","guid":{"rendered":"http:\/\/www.wp.kirche-ihrhove.de\/wordpress\/?page_id=290"},"modified":"2026-04-21T17:46:13","modified_gmt":"2026-04-21T16:46:13","slug":"gottesdienste-zum-download","status":"publish","type":"page","link":"http:\/\/www.wp.kirche-ihrhove.de\/wordpress\/?page_id=290","title":{"rendered":"Gottesdienst zum Anh\u00f6ren"},"content":{"rendered":"\n<p>Hier k\u00f6nnen Sie folgende Gottesdienst-Mitschnitte anh\u00f6ren und downloaden: <\/p>\n\n\n\n<figure class=\"wp-block-audio\"><audio controls src=\"http:\/\/www.wp.kirche-ihrhove.de\/wordpress\/wp-content\/uploads\/2026\/04\/G20260419.mp3\"><\/audio><figcaption class=\"wp-element-caption\">Gottesdienst mit Konfirmation am Sonntag &#8222;Misericordias Domini&#8220; (19. April 2026)<br>mit Pastor Thomas Bruns, Gitarrenchor und Organistin Katharina Marburg-Herlyn<\/figcaption><\/figure>\n\n\n\n<figure class=\"wp-block-audio\"><audio controls src=\"http:\/\/www.wp.kirche-ihrhove.de\/wordpress\/wp-content\/uploads\/2026\/04\/G20260412.mp3\"><\/audio><figcaption class=\"wp-element-caption\">Gottesdienst mit Konfirmandenvorstellung am Sonntag &#8222;Quasimodogeniti&#8220; (12. April 2026)<br>mit Pastor Thomas Bruns und Organist Georg Willen<\/figcaption><\/figure>\n\n\n\n<figure class=\"wp-block-audio\"><audio controls src=\"http:\/\/www.wp.kirche-ihrhove.de\/wordpress\/wp-content\/uploads\/2026\/04\/G20260405.mp3\"><\/audio><figcaption class=\"wp-element-caption\">Gottesdienst am Ostersonntag (5. April 2026)<br>mit Pastor Carsten Wittwer, Kirchenchor und Organistin Katharina Marburg-Herlyn<\/figcaption><\/figure>\n\n\n\n<figure class=\"wp-block-audio\"><audio controls src=\"http:\/\/www.wp.kirche-ihrhove.de\/wordpress\/wp-content\/uploads\/2026\/04\/G20260403.mp3\"><\/audio><figcaption class=\"wp-element-caption\">Gottesdienst am Karfreitag (3. April 2026)<br>mit Pastorin Bianca Spekker, Kirchenchor und Organistin Katharina Marburg-Herlyn<\/figcaption><\/figure>\n\n\n\n<p><em>Von den gemeinsamen Gottesdiensten am Sonntag &#8222;Judica&#8220; (22. M\u00e4rz 2026) in Gro\u00dfwolde bzw. Papenburg und am Palmsonntag (29. M\u00e4rz 2026) in Mitling bzw. Ihrenerfeld wird an dieser Stelle keine Aufzeichnung ver\u00f6ffentlicht.<\/em><\/p>\n\n\n\n<figure class=\"wp-block-audio\"><audio controls src=\"http:\/\/www.wp.kirche-ihrhove.de\/wordpress\/wp-content\/uploads\/2026\/03\/G20260315.mp3\"><\/audio><figcaption class=\"wp-element-caption\">Gottesdienst am Sonntag &#8222;Laetare&#8220; (15. M\u00e4rz 2026)<br>mit Lektor Gerrit Hoppmann und Organist Markus Rosema<\/figcaption><\/figure>\n\n\n\n<figure class=\"wp-block-audio\"><audio controls src=\"http:\/\/www.wp.kirche-ihrhove.de\/wordpress\/wp-content\/uploads\/2026\/03\/G20260308.mp3\"><\/audio><figcaption class=\"wp-element-caption\">Gottesdienst am Sonntag &#8222;Oculi&#8220; (8. M\u00e4rz 2026)<br>mit Pastor Thomas Bruns, Kirchenchor und Organist Georg Willen<\/figcaption><\/figure>\n\n\n\n<p><\/p>\n\n\n\n<p><\/p>\n\n\n\n<p><\/p>\n","protected":false},"excerpt":{"rendered":"<p>Hier k\u00f6nnen Sie folgende Gottesdienst-Mitschnitte anh\u00f6ren und downloaden: Von den gemeinsamen Gottesdiensten am Sonntag &#8222;Judica&#8220; (22. M\u00e4rz 2026) in Gro\u00dfwolde bzw. Papenburg und am Palmsonntag (29. M\u00e4rz 2026) in Mitling bzw. Ihrenerfeld wird an dieser Stelle keine Aufzeichnung ver\u00f6ffentlicht.<\/p>\n","protected":false},"author":1,"featured_media":0,"parent":0,"menu_order":0,"comment_status":"closed","ping_status":"closed","template":"","meta":{"ngg_post_thumbnail":0,"footnotes":""},"class_list":["post-290","page","type-page","status-publish","hentry"],"_links":{"self":[{"href":"http:\/\/www.wp.kirche-ihrhove.de\/wordpress\/index.php?rest_route=\/wp\/v2\/pages\/290","targetHints":{"allow":["GET"]}}],"collection":[{"href":"http:\/\/www.wp.kirche-ihrhove.de\/wordpress\/index.php?rest_route=\/wp\/v2\/pages"}],"about":[{"href":"http:\/\/www.wp.kirche-ihrhove.de\/wordpress\/index.php?rest_route=\/wp\/v2\/types\/page"}],"author":[{"embeddable":true,"href":"http:\/\/www.wp.kirche-ihrhove.de\/wordpress\/index.php?rest_route=\/wp\/v2\/users\/1"}],"replies":[{"embeddable":true,"href":"http:\/\/www.wp.kirche-ihrhove.de\/wordpress\/index.php?rest_route=%2Fwp%2Fv2%2Fcomments&post=290"}],"version-history":[{"count":349,"href":"http:\/\/www.wp.kirche-ihrhove.de\/wordpress\/index.php?rest_route=\/wp\/v2\/pages\/290\/revisions"}],"predecessor-version":[{"id":2334,"href":"http:\/\/www.wp.kirche-ihrhove.de\/wordpress\/index.php?rest_route=\/wp\/v2\/pages\/290\/revisions\/2334"}],"wp:attachment":[{"href":"http:\/\/www.wp.kirche-ihrhove.de\/wordpress\/index.php?rest_route=%2Fwp%2Fv2%2Fmedia&parent=290"}],"curies":[{"name":"wp","href":"https:\/\/api.w.org\/{rel}","templated":true}]}}