{"id":31,"date":"2013-11-02T21:28:23","date_gmt":"2013-11-02T19:28:23","guid":{"rendered":"http:\/\/www.wp.kirche-ihrhove.de\/wordpress\/?page_id=31"},"modified":"2021-08-25T20:06:19","modified_gmt":"2021-08-25T19:06:19","slug":"gitarrenchor","status":"publish","type":"page","link":"http:\/\/www.wp.kirche-ihrhove.de\/wordpress\/?page_id=31","title":{"rendered":"Gitarrenchor"},"content":{"rendered":"\n<figure class=\"wp-block-image size-large is-resized\"><a href=\"http:\/\/www.wp.kirche-ihrhove.de\/wordpress\/wp-content\/uploads\/2021\/08\/image.jpeg\"><img loading=\"lazy\" decoding=\"async\" src=\"http:\/\/www.wp.kirche-ihrhove.de\/wordpress\/wp-content\/uploads\/2021\/08\/image-1024x722.jpeg\" alt=\"\" class=\"wp-image-975\" width=\"761\" height=\"536\" srcset=\"http:\/\/www.wp.kirche-ihrhove.de\/wordpress\/wp-content\/uploads\/2021\/08\/image-1024x722.jpeg 1024w, http:\/\/www.wp.kirche-ihrhove.de\/wordpress\/wp-content\/uploads\/2021\/08\/image-300x211.jpeg 300w, http:\/\/www.wp.kirche-ihrhove.de\/wordpress\/wp-content\/uploads\/2021\/08\/image-768x541.jpeg 768w, http:\/\/www.wp.kirche-ihrhove.de\/wordpress\/wp-content\/uploads\/2021\/08\/image-660x465.jpeg 660w, http:\/\/www.wp.kirche-ihrhove.de\/wordpress\/wp-content\/uploads\/2021\/08\/image-240x169.jpeg 240w, http:\/\/www.wp.kirche-ihrhove.de\/wordpress\/wp-content\/uploads\/2021\/08\/image.jpeg 1305w\" sizes=\"auto, (max-width: 761px) 100vw, 761px\" \/><\/a><\/figure>\n\n\n\n<p>Der Gitarrenchor Ihrhove &#8211; gegr\u00fcndet im Jahr 1978 durch Anita Stelzer &#8211; spielt heute unter der Leitung von Hanna Ibelings und begleitet regelm\u00e4\u00dfig die Gottesdienste in unserer Gemeinde. J\u00e4hrliche H\u00f6hepunkte sind u.a. die Konfirmation, aber auch der Weihnachtsgottesdienst.\u00a0<br>Ge\u00fcbt wird w\u00f6chentlich im Gemeindezentrum (in Ihrhove), Interessierte sind herzlich willkommen.\u00a0<br>Auf Anfrage spielt der Gitarrenchor auch auf Jubil\u00e4umsfeiern, Geburtstagen, Hochzeiten und sonstigen Anl\u00e4ssen.\u00a0<br>Ansprechpartnerin ist Hanna Ibelings (Telefon\u00a004955\/4296)<\/p>\n","protected":false},"excerpt":{"rendered":"<p>Der Gitarrenchor Ihrhove &#8211; gegr\u00fcndet im Jahr 1978 durch Anita Stelzer &#8211; spielt heute unter der Leitung von Hanna Ibelings und begleitet regelm\u00e4\u00dfig die Gottesdienste in unserer Gemeinde. J\u00e4hrliche H\u00f6hepunkte sind u.a. die Konfirmation, aber auch der Weihnachtsgottesdienst.\u00a0Ge\u00fcbt wird w\u00f6chentlich im Gemeindezentrum (in Ihrhove), Interessierte sind herzlich willkommen.\u00a0Auf Anfrage spielt der Gitarrenchor auch auf Jubil\u00e4umsfeiern, [&hellip;]<\/p>\n","protected":false},"author":1,"featured_media":0,"parent":45,"menu_order":0,"comment_status":"closed","ping_status":"closed","template":"","meta":{"ngg_post_thumbnail":0,"footnotes":""},"class_list":["post-31","page","type-page","status-publish","hentry"],"_links":{"self":[{"href":"http:\/\/www.wp.kirche-ihrhove.de\/wordpress\/index.php?rest_route=\/wp\/v2\/pages\/31","targetHints":{"allow":["GET"]}}],"collection":[{"href":"http:\/\/www.wp.kirche-ihrhove.de\/wordpress\/index.php?rest_route=\/wp\/v2\/pages"}],"about":[{"href":"http:\/\/www.wp.kirche-ihrhove.de\/wordpress\/index.php?rest_route=\/wp\/v2\/types\/page"}],"author":[{"embeddable":true,"href":"http:\/\/www.wp.kirche-ihrhove.de\/wordpress\/index.php?rest_route=\/wp\/v2\/users\/1"}],"replies":[{"embeddable":true,"href":"http:\/\/www.wp.kirche-ihrhove.de\/wordpress\/index.php?rest_route=%2Fwp%2Fv2%2Fcomments&post=31"}],"version-history":[{"count":8,"href":"http:\/\/www.wp.kirche-ihrhove.de\/wordpress\/index.php?rest_route=\/wp\/v2\/pages\/31\/revisions"}],"predecessor-version":[{"id":976,"href":"http:\/\/www.wp.kirche-ihrhove.de\/wordpress\/index.php?rest_route=\/wp\/v2\/pages\/31\/revisions\/976"}],"up":[{"embeddable":true,"href":"http:\/\/www.wp.kirche-ihrhove.de\/wordpress\/index.php?rest_route=\/wp\/v2\/pages\/45"}],"wp:attachment":[{"href":"http:\/\/www.wp.kirche-ihrhove.de\/wordpress\/index.php?rest_route=%2Fwp%2Fv2%2Fmedia&parent=31"}],"curies":[{"name":"wp","href":"https:\/\/api.w.org\/{rel}","templated":true}]}}