{"id":4,"date":"2013-10-30T00:17:50","date_gmt":"2013-10-29T22:17:50","guid":{"rendered":"http:\/\/www.wp.kirche-ihrhove.de\/wordpress\/?page_id=4"},"modified":"2026-04-07T09:01:39","modified_gmt":"2026-04-07T08:01:39","slug":"schoen-dass-sie-bei-uns-reinschauen","status":"publish","type":"page","link":"http:\/\/www.wp.kirche-ihrhove.de\/wordpress\/","title":{"rendered":""},"content":{"rendered":"\n<h3 class=\"wp-block-heading\">Sch\u00f6n, dass Sie bei uns reinschauen!<br><strong>Wir freuen uns, dass Sie sich Zeit f\u00fcr uns nehmen.<\/strong> <\/h3>\n\n\n\n<p>Wir laden Sie ein, am Leben in unserem Dorf teilzunehmen und hoffen,&nbsp;Ihnen eine interessante Seite und viele Einblicke in unsere Kirchengemeinde&nbsp;zu pr\u00e4sentieren.<\/p>\n\n\n<div class=\"wp-block-image\">\n<figure class=\"aligncenter size-large\"><img decoding=\"async\" src=\"\/wordpress\/wp-content\/gallery\/ihove3.JPG\" alt=\"\"\/><\/figure><\/div>\n\n\n<p>Die Evangelische Gemeinde Ihrhove liegt in der Einheitsgemeinde Westoverledingen im s\u00fcdlichen Ostfriesland zwischen Leer und Papenburg. Unser Kirchspiel umfasst die Ortschaften Ihrhove (mit Klinge, L\u00fctjegaste, L\u00fctjewolde, Schwoog, Tj\u00fcche und Unlande), Alt-Ihren und Folmhusen. Wenn Sie unsere sch\u00f6ne Gemeinde einmal kennen lernen m\u00f6chten, sind Sie herzlich willkommen.<br><strong>Wir freuen uns auf Ihren Besuch!<\/strong><\/p>\n\n\n\n<p>Nachdem Pastor Gerold Alsmeier in den Ruhestand gegangen ist, ist die gemeinsame Pfarrstelle der Ev.-ref. Deichkirchengemeinden Driever, Esklum und Grotegaste und der Ev.-ref. Kirchengemeinde Ihrhove nun leider bereits seit dem 1. Juni 2024 vakant. Daher w\u00fcrden wir uns freuen, wenn Sie als Pastorin oder Pastor Interesse an unseren Gemeinden finden w\u00fcrden. <br>Weitere Informationen finden Sie rechts unter &#8222;<a href=\"http:\/\/www.wp.kirche-ihrhove.de\/wordpress\/?p=1564\" target=\"_blank\" rel=\"noreferrer noopener\">Aktuelles<\/a>&#8220; .<br><strong>Wir freuen uns auf Sie!<\/strong><\/p>\n","protected":false},"excerpt":{"rendered":"<p>Sch\u00f6n, dass Sie bei uns reinschauen!Wir freuen uns, dass Sie sich Zeit f\u00fcr uns nehmen. Wir laden Sie ein, am Leben in unserem Dorf teilzunehmen und hoffen,&nbsp;Ihnen eine interessante Seite und viele Einblicke in unsere Kirchengemeinde&nbsp;zu pr\u00e4sentieren. Die Evangelische Gemeinde Ihrhove liegt in der Einheitsgemeinde Westoverledingen im s\u00fcdlichen Ostfriesland zwischen Leer und Papenburg. Unser Kirchspiel [&hellip;]<\/p>\n","protected":false},"author":1,"featured_media":0,"parent":0,"menu_order":0,"comment_status":"closed","ping_status":"closed","template":"","meta":{"ngg_post_thumbnail":0,"footnotes":""},"class_list":["post-4","page","type-page","status-publish","hentry"],"_links":{"self":[{"href":"http:\/\/www.wp.kirche-ihrhove.de\/wordpress\/index.php?rest_route=\/wp\/v2\/pages\/4","targetHints":{"allow":["GET"]}}],"collection":[{"href":"http:\/\/www.wp.kirche-ihrhove.de\/wordpress\/index.php?rest_route=\/wp\/v2\/pages"}],"about":[{"href":"http:\/\/www.wp.kirche-ihrhove.de\/wordpress\/index.php?rest_route=\/wp\/v2\/types\/page"}],"author":[{"embeddable":true,"href":"http:\/\/www.wp.kirche-ihrhove.de\/wordpress\/index.php?rest_route=\/wp\/v2\/users\/1"}],"replies":[{"embeddable":true,"href":"http:\/\/www.wp.kirche-ihrhove.de\/wordpress\/index.php?rest_route=%2Fwp%2Fv2%2Fcomments&post=4"}],"version-history":[{"count":28,"href":"http:\/\/www.wp.kirche-ihrhove.de\/wordpress\/index.php?rest_route=\/wp\/v2\/pages\/4\/revisions"}],"predecessor-version":[{"id":2316,"href":"http:\/\/www.wp.kirche-ihrhove.de\/wordpress\/index.php?rest_route=\/wp\/v2\/pages\/4\/revisions\/2316"}],"wp:attachment":[{"href":"http:\/\/www.wp.kirche-ihrhove.de\/wordpress\/index.php?rest_route=%2Fwp%2Fv2%2Fmedia&parent=4"}],"curies":[{"name":"wp","href":"https:\/\/api.w.org\/{rel}","templated":true}]}}