{"id":64,"date":"2013-11-03T00:28:29","date_gmt":"2013-11-02T22:28:29","guid":{"rendered":"http:\/\/www.wp.kirche-ihrhove.de\/wordpress\/?page_id=64"},"modified":"2021-02-15T21:37:19","modified_gmt":"2021-02-15T20:37:19","slug":"patenkind","status":"publish","type":"page","link":"http:\/\/www.wp.kirche-ihrhove.de\/wordpress\/?page_id=64","title":{"rendered":"Patenkind"},"content":{"rendered":"\n<p>&#8222;Gruppenpatenschaften&#8220; sind pers\u00f6nliche Verbindungen mit Kindergarten- und Internatsgruppen.<br>&#8222;Einzelpatenschaften&#8220; wie von unserer Kirchengemeinde f\u00fcr Rawan sind pers\u00f6nliche Verbindungen mit einer Sch\u00fclerin oder einem Sch\u00fcler.<br>&#8222;Namenlose Patenschaften&#8220; helfen, den Schulplatz f\u00fcr andere bed\u00fcrftige Kinder zu finanzieren. Sie kosten \u20ac 30,00 pro Monat pro Kind. Aber sie bedeuten keinerlei rechtliche Verpflichtungen.<\/p>\n\n\n\n<p>Weitere Informationen gibt der &#8222;Jerusalemverein im Berliner Missionswerk&#8220;, Georgenkirchstra\u00dfe 69\/70, 10249 Berlin, Fax-Nummer: 030 &#8211; 243 44-124<\/p>\n","protected":false},"excerpt":{"rendered":"<p>&#8222;Gruppenpatenschaften&#8220; sind pers\u00f6nliche Verbindungen mit Kindergarten- und Internatsgruppen.&#8222;Einzelpatenschaften&#8220; wie von unserer Kirchengemeinde f\u00fcr Rawan sind pers\u00f6nliche Verbindungen mit einer Sch\u00fclerin oder einem Sch\u00fcler.&#8222;Namenlose Patenschaften&#8220; helfen, den Schulplatz f\u00fcr andere bed\u00fcrftige Kinder zu finanzieren. Sie kosten \u20ac 30,00 pro Monat pro Kind. Aber sie bedeuten keinerlei rechtliche Verpflichtungen. Weitere Informationen gibt der &#8222;Jerusalemverein im Berliner Missionswerk&#8220;, [&hellip;]<\/p>\n","protected":false},"author":1,"featured_media":0,"parent":56,"menu_order":0,"comment_status":"closed","ping_status":"open","template":"","meta":{"ngg_post_thumbnail":0,"footnotes":""},"class_list":["post-64","page","type-page","status-publish","hentry"],"_links":{"self":[{"href":"http:\/\/www.wp.kirche-ihrhove.de\/wordpress\/index.php?rest_route=\/wp\/v2\/pages\/64","targetHints":{"allow":["GET"]}}],"collection":[{"href":"http:\/\/www.wp.kirche-ihrhove.de\/wordpress\/index.php?rest_route=\/wp\/v2\/pages"}],"about":[{"href":"http:\/\/www.wp.kirche-ihrhove.de\/wordpress\/index.php?rest_route=\/wp\/v2\/types\/page"}],"author":[{"embeddable":true,"href":"http:\/\/www.wp.kirche-ihrhove.de\/wordpress\/index.php?rest_route=\/wp\/v2\/users\/1"}],"replies":[{"embeddable":true,"href":"http:\/\/www.wp.kirche-ihrhove.de\/wordpress\/index.php?rest_route=%2Fwp%2Fv2%2Fcomments&post=64"}],"version-history":[{"count":6,"href":"http:\/\/www.wp.kirche-ihrhove.de\/wordpress\/index.php?rest_route=\/wp\/v2\/pages\/64\/revisions"}],"predecessor-version":[{"id":576,"href":"http:\/\/www.wp.kirche-ihrhove.de\/wordpress\/index.php?rest_route=\/wp\/v2\/pages\/64\/revisions\/576"}],"up":[{"embeddable":true,"href":"http:\/\/www.wp.kirche-ihrhove.de\/wordpress\/index.php?rest_route=\/wp\/v2\/pages\/56"}],"wp:attachment":[{"href":"http:\/\/www.wp.kirche-ihrhove.de\/wordpress\/index.php?rest_route=%2Fwp%2Fv2%2Fmedia&parent=64"}],"curies":[{"name":"wp","href":"https:\/\/api.w.org\/{rel}","templated":true}]}}