{"id":67,"date":"2013-11-03T00:35:34","date_gmt":"2013-11-02T22:35:34","guid":{"rendered":"http:\/\/www.wp.kirche-ihrhove.de\/wordpress\/?page_id=67"},"modified":"2021-04-06T21:24:26","modified_gmt":"2021-04-06T20:24:26","slug":"pflegedienst","status":"publish","type":"page","link":"http:\/\/www.wp.kirche-ihrhove.de\/wordpress\/?page_id=67","title":{"rendered":"Pflegedienst"},"content":{"rendered":"\n<figure class=\"wp-block-image size-large\"><img decoding=\"async\" src=\"\/wordpress\/wp-content\/gallery\/sdlogo.gif\" alt=\"\"\/><\/figure>\n\n\n\n<p>Schubertstra\u00dfe 5 <br>26810 Westoverledingen-Ihrhove<br>Telefon: 0 49 55 \/ 92 00 50<br>Fax: 0 49 55 \/ 92 00 52 <br><a href=\"mailto:info@soziale-dienste-wol.de\">Mail an Soziale Dienste<\/a><br><a href=\"http:\/\/www.soziale-dienste-wol.de\/\">www.soziale-dienste-wol.de<\/a> <br><\/p>\n\n\n\n<p>Die&nbsp;Leitung des Pflegedienstes ist in dem vereinseigenen,&nbsp;umgebauten &#8222;Schr\u00f6der\u00b4schen&#8220; Gulfhofgeb\u00e4ude in&nbsp;der Ihrhover Dorfmitte eingerichtet.<\/p>\n\n\n\n<p>Zu den speziellen Leistungen des Pflegedienstes geh\u00f6ren:<\/p>\n\n\n\n<ul class=\"wp-block-list\"><li>H\u00e4usliche Kranken- und Altenpflege<\/li><li>Verhinderungspflege<\/li><li>Haus-&nbsp;und Familienpflege<\/li><li>Tagespflege<\/li><li>Essen auf R\u00e4dern<\/li><li>Notruf-Telefon<\/li><li>Beratung&nbsp;in menschlichen, sozialen und wirtschaftlichen Fragen<\/li><li>Beratungsgespr\u00e4che f\u00fcr den Empfang von Pflegegeld (\u00a7 37,3 SGB XI)<\/li><li>Beratung&nbsp;f\u00fcr Antragstellungen (Pflegeversicherung)<\/li><li>Vermittlung&nbsp; von Hausnotruf, Pflegehilfsmittel, Kurzzeitpflege, Altenheim, etc<\/li><\/ul>\n\n\n\n<p>H\u00e4usliche Krankenpflege:<\/p>\n\n\n\n<ul class=\"wp-block-list\"><li>auch zu Hause<\/li><li>in&nbsp;den Hauptpflegezeiten&nbsp;morgens, mittags, abends<\/li><li>nach&nbsp;Bedarf<\/li><li>auch nachts<\/li><li>am Wochenende und an Feiertagen<\/li><\/ul>\n\n\n\n<figure class=\"wp-block-image size-large\"><img decoding=\"async\" src=\"\/wordpress\/wp-content\/gallery\/station3.jpg\" alt=\"\"\/><figcaption> Service&nbsp;Wohnen im Gulfhofgeb\u00e4ude <\/figcaption><\/figure>\n\n\n\n<p>Geborgen wohnen, selbstst\u00e4ndig in den eigenen vier W\u00e4nden leben und gleichzeitig ganz nach Bedarf betreut zu sein: dies ist das Ziel des <strong>&#8222;Service Wohnens&#8220;<\/strong>, das der Verein Soziale Dienste im &#8222;Schr\u00f6der\u00b4schen Hof&#8220; bietet. Von der Krankenhilfe \u00fcber die Reinigung der Au\u00dfenfenster bis zur Gartenpflege wird auf Wunsch alles \u00fcbernommen, um das Leben der Bewohner so eigenst\u00e4ndig wie m\u00f6glich zu gestalten.<\/p>\n","protected":false},"excerpt":{"rendered":"<p>Schubertstra\u00dfe 5 26810 Westoverledingen-IhrhoveTelefon: 0 49 55 \/ 92 00 50Fax: 0 49 55 \/ 92 00 52 Mail an Soziale Dienstewww.soziale-dienste-wol.de Die&nbsp;Leitung des Pflegedienstes ist in dem vereinseigenen,&nbsp;umgebauten &#8222;Schr\u00f6der\u00b4schen&#8220; Gulfhofgeb\u00e4ude in&nbsp;der Ihrhover Dorfmitte eingerichtet. Zu den speziellen Leistungen des Pflegedienstes geh\u00f6ren: H\u00e4usliche Kranken- und Altenpflege Verhinderungspflege Haus-&nbsp;und Familienpflege Tagespflege Essen auf R\u00e4dern Notruf-Telefon Beratung&nbsp;in [&hellip;]<\/p>\n","protected":false},"author":1,"featured_media":0,"parent":56,"menu_order":0,"comment_status":"closed","ping_status":"open","template":"","meta":{"ngg_post_thumbnail":0,"footnotes":""},"class_list":["post-67","page","type-page","status-publish","hentry"],"_links":{"self":[{"href":"http:\/\/www.wp.kirche-ihrhove.de\/wordpress\/index.php?rest_route=\/wp\/v2\/pages\/67","targetHints":{"allow":["GET"]}}],"collection":[{"href":"http:\/\/www.wp.kirche-ihrhove.de\/wordpress\/index.php?rest_route=\/wp\/v2\/pages"}],"about":[{"href":"http:\/\/www.wp.kirche-ihrhove.de\/wordpress\/index.php?rest_route=\/wp\/v2\/types\/page"}],"author":[{"embeddable":true,"href":"http:\/\/www.wp.kirche-ihrhove.de\/wordpress\/index.php?rest_route=\/wp\/v2\/users\/1"}],"replies":[{"embeddable":true,"href":"http:\/\/www.wp.kirche-ihrhove.de\/wordpress\/index.php?rest_route=%2Fwp%2Fv2%2Fcomments&post=67"}],"version-history":[{"count":6,"href":"http:\/\/www.wp.kirche-ihrhove.de\/wordpress\/index.php?rest_route=\/wp\/v2\/pages\/67\/revisions"}],"predecessor-version":[{"id":747,"href":"http:\/\/www.wp.kirche-ihrhove.de\/wordpress\/index.php?rest_route=\/wp\/v2\/pages\/67\/revisions\/747"}],"up":[{"embeddable":true,"href":"http:\/\/www.wp.kirche-ihrhove.de\/wordpress\/index.php?rest_route=\/wp\/v2\/pages\/56"}],"wp:attachment":[{"href":"http:\/\/www.wp.kirche-ihrhove.de\/wordpress\/index.php?rest_route=%2Fwp%2Fv2%2Fmedia&parent=67"}],"curies":[{"name":"wp","href":"https:\/\/api.w.org\/{rel}","templated":true}]}}