{"id":76,"date":"2013-11-03T00:56:06","date_gmt":"2013-11-02T22:56:06","guid":{"rendered":"http:\/\/www.wp.kirche-ihrhove.de\/wordpress\/?page_id=76"},"modified":"2021-02-16T21:13:06","modified_gmt":"2021-02-16T20:13:06","slug":"suchtkranke","status":"publish","type":"page","link":"http:\/\/www.wp.kirche-ihrhove.de\/wordpress\/?page_id=76","title":{"rendered":"Suchtkranke"},"content":{"rendered":"\n<p>Der &#8222;Evangelische Diakonieverband Ostfriesland&#8220; ist Tr\u00e4ger der Fachstelle f\u00fcr Sucht und Suchtpr\u00e4vention in Leer.<\/p>\n\n\n\n<p>Arbeitsschwerpunkte:<\/p>\n\n\n\n<ul class=\"wp-block-list\"><li>Pr\u00e4vention und \u00d6ffentlichkeitsarbeit (Jugendarbeit, Schule und Betriebe)<\/li><li>Teestube (M\u00f6glichkeiten zur pers\u00f6nlichen Kontaktaufnahme und-pflege)<\/li><li>Beratung und Motivation f\u00fcr Betroffene und Angeh\u00f6rige oder Interessierte<\/li><\/ul>\n\n\n\n<p>Aufgabenbereiche:<\/p>\n\n\n\n<ul class=\"wp-block-list\"><li>Pr\u00e4vention, Beratung und Motivationsarbeit<\/li><li>begleitende&nbsp;Ma\u00dfnahmen<\/li><li>Krisenintervention<\/li><li>Vorbereitung und Vermittlung in station\u00e4re Therapie<\/li><li>ambulante Therapie<\/li><li>Nachsorge<\/li><li>Mitwirkung bei der Ausbildung ehrenamtlicher Mitarbeiterinnen<\/li><li>Zusammenarbeit mit Selbsthilfeeinrichtungen und anderen Einrichtungen<\/li><\/ul>\n\n\n\n<p>Kontakt:<br>Friesenstra\u00dfe 65a<br>26789 Leer <br>Tel.: 04 91 &#8211; 9 76 83 20 <\/p>\n","protected":false},"excerpt":{"rendered":"<p>Der &#8222;Evangelische Diakonieverband Ostfriesland&#8220; ist Tr\u00e4ger der Fachstelle f\u00fcr Sucht und Suchtpr\u00e4vention in Leer. Arbeitsschwerpunkte: Pr\u00e4vention und \u00d6ffentlichkeitsarbeit (Jugendarbeit, Schule und Betriebe) Teestube (M\u00f6glichkeiten zur pers\u00f6nlichen Kontaktaufnahme und-pflege) Beratung und Motivation f\u00fcr Betroffene und Angeh\u00f6rige oder Interessierte Aufgabenbereiche: Pr\u00e4vention, Beratung und Motivationsarbeit begleitende&nbsp;Ma\u00dfnahmen Krisenintervention Vorbereitung und Vermittlung in station\u00e4re Therapie ambulante Therapie Nachsorge Mitwirkung bei [&hellip;]<\/p>\n","protected":false},"author":1,"featured_media":0,"parent":56,"menu_order":0,"comment_status":"closed","ping_status":"open","template":"","meta":{"ngg_post_thumbnail":0,"footnotes":""},"class_list":["post-76","page","type-page","status-publish","hentry"],"_links":{"self":[{"href":"http:\/\/www.wp.kirche-ihrhove.de\/wordpress\/index.php?rest_route=\/wp\/v2\/pages\/76","targetHints":{"allow":["GET"]}}],"collection":[{"href":"http:\/\/www.wp.kirche-ihrhove.de\/wordpress\/index.php?rest_route=\/wp\/v2\/pages"}],"about":[{"href":"http:\/\/www.wp.kirche-ihrhove.de\/wordpress\/index.php?rest_route=\/wp\/v2\/types\/page"}],"author":[{"embeddable":true,"href":"http:\/\/www.wp.kirche-ihrhove.de\/wordpress\/index.php?rest_route=\/wp\/v2\/users\/1"}],"replies":[{"embeddable":true,"href":"http:\/\/www.wp.kirche-ihrhove.de\/wordpress\/index.php?rest_route=%2Fwp%2Fv2%2Fcomments&post=76"}],"version-history":[{"count":3,"href":"http:\/\/www.wp.kirche-ihrhove.de\/wordpress\/index.php?rest_route=\/wp\/v2\/pages\/76\/revisions"}],"predecessor-version":[{"id":617,"href":"http:\/\/www.wp.kirche-ihrhove.de\/wordpress\/index.php?rest_route=\/wp\/v2\/pages\/76\/revisions\/617"}],"up":[{"embeddable":true,"href":"http:\/\/www.wp.kirche-ihrhove.de\/wordpress\/index.php?rest_route=\/wp\/v2\/pages\/56"}],"wp:attachment":[{"href":"http:\/\/www.wp.kirche-ihrhove.de\/wordpress\/index.php?rest_route=%2Fwp%2Fv2%2Fmedia&parent=76"}],"curies":[{"name":"wp","href":"https:\/\/api.w.org\/{rel}","templated":true}]}}