{"id":79,"date":"2013-11-03T01:01:39","date_gmt":"2013-11-02T23:01:39","guid":{"rendered":"http:\/\/www.wp.kirche-ihrhove.de\/wordpress\/?page_id=79"},"modified":"2021-04-06T21:27:17","modified_gmt":"2021-04-06T20:27:17","slug":"leeraner-tafel","status":"publish","type":"page","link":"http:\/\/www.wp.kirche-ihrhove.de\/wordpress\/?page_id=79","title":{"rendered":"Leeraner Tafel"},"content":{"rendered":"\n<figure class=\"wp-block-image size-large\"><img decoding=\"async\" src=\"\/wordpress\/wp-content\/gallery\/tafel.gif\" alt=\"Dieses Bild hat ein leeres Alt-Attribut. Der Dateiname ist tafel.gif\"\/><\/figure>\n\n\n\n<p>Nicht alle Menschen haben ihr t\u00e4glich Brot &#8211; und dennoch gibt es Lebensmittel im \u00dcberfluss. Die Tafeln bem\u00fchen sich um einen Ausgleich &#8211; mit ehrenamtlichen Helfern, f\u00fcr die Bed\u00fcrftigen ihrer Stadt. Das Ziel der Tafeln ist es, dass alle qualitativ einwandfreien Nahrungsmittel, die im Wirtschaftsprozess nicht mehr verwendet werden k\u00f6nnen, an Bed\u00fcrftige verteilt werden. Die Tafeln helfen so diesen Menschen, eine schwierige Zeit zu \u00fcberbr\u00fccken und geben ihnen dadurch Motivation f\u00fcr die Zukunft.<\/p>\n\n\n\n<p>Weitere Infos unter&nbsp;<a href=\"http:\/\/www.tafel-leer.de\">www.tafel-leer.de<\/a><\/p>\n","protected":false},"excerpt":{"rendered":"<p>Nicht alle Menschen haben ihr t\u00e4glich Brot &#8211; und dennoch gibt es Lebensmittel im \u00dcberfluss. Die Tafeln bem\u00fchen sich um einen Ausgleich &#8211; mit ehrenamtlichen Helfern, f\u00fcr die Bed\u00fcrftigen ihrer Stadt. Das Ziel der Tafeln ist es, dass alle qualitativ einwandfreien Nahrungsmittel, die im Wirtschaftsprozess nicht mehr verwendet werden k\u00f6nnen, an Bed\u00fcrftige verteilt werden. Die [&hellip;]<\/p>\n","protected":false},"author":1,"featured_media":0,"parent":56,"menu_order":0,"comment_status":"closed","ping_status":"open","template":"","meta":{"ngg_post_thumbnail":0,"footnotes":""},"class_list":["post-79","page","type-page","status-publish","hentry"],"_links":{"self":[{"href":"http:\/\/www.wp.kirche-ihrhove.de\/wordpress\/index.php?rest_route=\/wp\/v2\/pages\/79","targetHints":{"allow":["GET"]}}],"collection":[{"href":"http:\/\/www.wp.kirche-ihrhove.de\/wordpress\/index.php?rest_route=\/wp\/v2\/pages"}],"about":[{"href":"http:\/\/www.wp.kirche-ihrhove.de\/wordpress\/index.php?rest_route=\/wp\/v2\/types\/page"}],"author":[{"embeddable":true,"href":"http:\/\/www.wp.kirche-ihrhove.de\/wordpress\/index.php?rest_route=\/wp\/v2\/users\/1"}],"replies":[{"embeddable":true,"href":"http:\/\/www.wp.kirche-ihrhove.de\/wordpress\/index.php?rest_route=%2Fwp%2Fv2%2Fcomments&post=79"}],"version-history":[{"count":10,"href":"http:\/\/www.wp.kirche-ihrhove.de\/wordpress\/index.php?rest_route=\/wp\/v2\/pages\/79\/revisions"}],"predecessor-version":[{"id":749,"href":"http:\/\/www.wp.kirche-ihrhove.de\/wordpress\/index.php?rest_route=\/wp\/v2\/pages\/79\/revisions\/749"}],"up":[{"embeddable":true,"href":"http:\/\/www.wp.kirche-ihrhove.de\/wordpress\/index.php?rest_route=\/wp\/v2\/pages\/56"}],"wp:attachment":[{"href":"http:\/\/www.wp.kirche-ihrhove.de\/wordpress\/index.php?rest_route=%2Fwp%2Fv2%2Fmedia&parent=79"}],"curies":[{"name":"wp","href":"https:\/\/api.w.org\/{rel}","templated":true}]}}