{"id":85,"date":"2013-11-03T01:23:05","date_gmt":"2013-11-02T23:23:05","guid":{"rendered":"http:\/\/www.wp.kirche-ihrhove.de\/wordpress\/?page_id=85"},"modified":"2024-04-18T20:25:00","modified_gmt":"2024-04-18T19:25:00","slug":"impressum","status":"publish","type":"page","link":"http:\/\/www.wp.kirche-ihrhove.de\/wordpress\/?page_id=85","title":{"rendered":"Impressum"},"content":{"rendered":"\n<p><strong><a href=\"http:\/\/www.kirche-ihrhove.de\">www.kirche-ihrhove.de<\/a><\/strong> ist die Homepage der <br>Evangelischen Gemeinde Ihrhove <br>Denkmalstr. 6 <br>26810 Westoverledingen-Ihrhove<\/p>\n\n\n\n<p><strong>Inhaltliche Verantwortung:<\/strong> Elisabeth H\u00fcndling<\/p>\n\n\n\n<p><strong>Webmaster:<\/strong> Martin Penning<\/p>\n\n\n\n<p><strong>Haftungsausschluss<\/strong><\/p>\n\n\n\n<p><strong>1.Inhalt des Onlineangebotes<\/strong> Wir \u00fcbernehmen keinerlei Gew\u00e4hr f\u00fcr die\nAktualit\u00e4t, Korrektheit, Vollst\u00e4ndigkeit&nbsp;oder Qualit\u00e4t der\nbereitgestellten Informationen. Haftungsanspr\u00fcche gegen uns, welche sich auf\nSch\u00e4den materieller oder ideeller Art beziehen, die durch die Nutzung oder\nNichtnutzung der dargebotenen Informationen bzw. durch die Nutzung fehlerhafter\nund unvollst\u00e4ndiger Informationen verursacht wurden, sind grunds\u00e4tzlich\nausgeschlossen, sofern unsererseits kein nachweislich vors\u00e4tzliches oder grob\nfahrl\u00e4ssiges Verschulden vorliegt. Alle Angebote sind freibleibend und\nunverbindlich. Wir behalten es uns ausdr\u00fccklich vor, Teile der Seiten oder das\ngesamte Angebot ohne gesonderte Ank\u00fcndigung zu ver\u00e4ndern, zu erg\u00e4nzen, zu\nl\u00f6schen oder die Ver\u00f6ffentlichung zeitweise oder endg\u00fcltig einzustellen.<\/p>\n\n\n\n<p><strong>2. Urheber- und Kennzeichenrecht<\/strong> Wir sind bestrebt, in allen Publikationen\ndie Urheberrechte der verwendeten Grafiken, Tondokumente, Videosequenzen und\nTexte zu beachten, von uns selbst erstellte Grafiken, Tondokumente,\nVideosequenzen und Texte zu nutzen oder auf lizenzfreie Grafiken, Tondokumente,\nVideosequenzen und Texte zur\u00fcckzugreifen. Alle innerhalb des Internetangebotes\ngenannten und ggf. durch Dritte gesch\u00fctzten Marken- und Warenzeichen\nunterliegen uneingeschr\u00e4nkt den Bestimmungen des jeweils g\u00fcltigen\nKennzeichenrechtsund den Besitzrechten der jeweiligen eingetragenen Eigent\u00fcmer.\nAllein aufgrund der blo\u00dfen Nennung ist nicht der Schlu\u00df zu ziehen, dass\nMarkenzeichen nicht durch Rechte Dritter gesch\u00fctzt sind! Das Copyright f\u00fcr\nver\u00f6ffentlichte,&nbsp;von uns selbst erstellte Objekte bleibt allein bei uns.\nEine Vervielf\u00e4ltigung oder Verwendung solcher Grafiken, Tondokumente,\nVideosequenzen und Texte in anderen elektronischen oder gedruckten\nPublikationen ist ohne ausdr\u00fcckliche Zustimmung unsererseits nicht gestattet.<\/p>\n\n\n\n<p><strong>3. Datenschutz<\/strong> Sofern innerhalb des Internetangebotes die M\u00f6glichkeit zur Eingabe\npers\u00f6nlicher oder gesch\u00e4ftlicher Daten (Emailadressen, Namen, Anschriften)\nbesteht, so erfolgt die Preisgabe dieser Daten seitens des Nutzers auf\nausdr\u00fccklich freiwilliger Basis. Die Inanspruchnahme aller angebotenen Dienste\nist&nbsp;&#8211; soweit technisch m\u00f6glich und zumutbar &#8211; auch ohne Angabe solcher\nDaten bzw. unter Angabe anonymisierter Daten oder eines Pseudonyms gestattet.<\/p>\n\n\n\n<p><strong>4. Rechtswirksamkeit dieses Haftungsausschlusses <\/strong>Dieser\nHaftungsausschluss ist als Teil unseres Internetangebotes zu betrachten, von\ndem aus auf diese Seite verwiesen wurde. Sofern Teile oder einzelne\nFormulierungen dieses Textes der geltenden Rechtslage&nbsp;nicht, nicht mehr\noder nicht vollst\u00e4ndig entsprechen sollten, bleiben die \u00fcbrigen Teile des\nDokumentes in ihrem Inhalt und ihrer G\u00fcltigkeit davon unber\u00fchrt.<\/p>\n\n\n\n<p><strong>5.&nbsp;Haftung f\u00fcr Linkangebote<\/strong> Mit dem Urteil vom 12. Mai 1998 &#8211; 312 O\n85\/98 &#8222;Haftung f\u00fcr Linkangebote&#8220;,&nbsp;hat das Landgericht Hamburg\nentschieden, dass man durch die Erstellung eines Links, die Inhalte der\nverlinkten Seite ggf. mit zu verantworten hat. Dies kann, so die Ausf\u00fchrungen\ndes Landgericht Hamburg, nur dadurch verhindert werden, dass man sich\nausdr\u00fccklich von den Inhalten der verlinkten Seite distanziert. Die\nEvangelische Gemeinde Ihrhove hat keinerlei Einfluss auf die Gestaltung und die\nInhalte der verlinkten Seiten auf dieser&nbsp;und allen untergeordneten Seiten,\nund distanziert sich ausdr\u00fccklich von allen Inhalten der verlinkten Seiten und macht\nsich die Inhalte \/ Texte \/ Grafiken \/ Pinnboardinhalte\/ etc. nicht zu Eigen.\nDiese Erkl\u00e4rung gilt f\u00fcr alle verf\u00fcgbaren Link-Angebote unter der URL\nhttp:\/\/www.kirche-ihrhove.de <\/p>\n","protected":false},"excerpt":{"rendered":"<p>www.kirche-ihrhove.de ist die Homepage der Evangelischen Gemeinde Ihrhove Denkmalstr. 6 26810 Westoverledingen-Ihrhove Inhaltliche Verantwortung: Elisabeth H\u00fcndling Webmaster: Martin Penning Haftungsausschluss 1.Inhalt des Onlineangebotes Wir \u00fcbernehmen keinerlei Gew\u00e4hr f\u00fcr die Aktualit\u00e4t, Korrektheit, Vollst\u00e4ndigkeit&nbsp;oder Qualit\u00e4t der bereitgestellten Informationen. Haftungsanspr\u00fcche gegen uns, welche sich auf Sch\u00e4den materieller oder ideeller Art beziehen, die durch die Nutzung oder Nichtnutzung der [&hellip;]<\/p>\n","protected":false},"author":1,"featured_media":0,"parent":0,"menu_order":0,"comment_status":"closed","ping_status":"open","template":"","meta":{"ngg_post_thumbnail":0,"footnotes":""},"class_list":["post-85","page","type-page","status-publish","hentry"],"_links":{"self":[{"href":"http:\/\/www.wp.kirche-ihrhove.de\/wordpress\/index.php?rest_route=\/wp\/v2\/pages\/85","targetHints":{"allow":["GET"]}}],"collection":[{"href":"http:\/\/www.wp.kirche-ihrhove.de\/wordpress\/index.php?rest_route=\/wp\/v2\/pages"}],"about":[{"href":"http:\/\/www.wp.kirche-ihrhove.de\/wordpress\/index.php?rest_route=\/wp\/v2\/types\/page"}],"author":[{"embeddable":true,"href":"http:\/\/www.wp.kirche-ihrhove.de\/wordpress\/index.php?rest_route=\/wp\/v2\/users\/1"}],"replies":[{"embeddable":true,"href":"http:\/\/www.wp.kirche-ihrhove.de\/wordpress\/index.php?rest_route=%2Fwp%2Fv2%2Fcomments&post=85"}],"version-history":[{"count":6,"href":"http:\/\/www.wp.kirche-ihrhove.de\/wordpress\/index.php?rest_route=\/wp\/v2\/pages\/85\/revisions"}],"predecessor-version":[{"id":1580,"href":"http:\/\/www.wp.kirche-ihrhove.de\/wordpress\/index.php?rest_route=\/wp\/v2\/pages\/85\/revisions\/1580"}],"wp:attachment":[{"href":"http:\/\/www.wp.kirche-ihrhove.de\/wordpress\/index.php?rest_route=%2Fwp%2Fv2%2Fmedia&parent=85"}],"curies":[{"name":"wp","href":"https:\/\/api.w.org\/{rel}","templated":true}]}}