{"id":9,"date":"2013-10-30T10:06:47","date_gmt":"2013-10-30T08:06:47","guid":{"rendered":"http:\/\/www.wp.kirche-ihrhove.de\/wordpress\/?page_id=9"},"modified":"2021-02-16T21:49:58","modified_gmt":"2021-02-16T20:49:58","slug":"posaunenchor","status":"publish","type":"page","link":"http:\/\/www.wp.kirche-ihrhove.de\/wordpress\/?page_id=9","title":{"rendered":"Posaunenchor"},"content":{"rendered":"\n<p><em>Gott loben, das ist\nunser Amt. (EG 288, 5)&nbsp;<\/em><\/p>\n\n\n\n<p>Unser Posaunenchor wurde 1909 gegr\u00fcndet. Seit 2010 spielen\nwir in einer Chorgemeinschaft mit dem Posaunenchor Collinghorst. Mit etwa 15 Bl\u00e4ser*innen\nbegleiten wir regelm\u00e4\u00dfig Gottesdienste,&nbsp;\nspielen Geburtstagsst\u00e4ndchen, bringen musikalische Gr\u00fc\u00dfe in\nSeniorenheime und wirken bei Konzerten mit. Traditionelle und moderne\nKirchenlieder sowie klassische Musik und Musikst\u00fccke im Pop-Stil geh\u00f6ren zu\nunserem Repertoire.<\/p>\n\n\n\n<p>Generationenverbindend wird jeden Dienstag geprobt. Unser\n\u00e4ltester aktiver Bl\u00e4ser ist 85 Jahre und der j\u00fcngste Bl\u00e4ser ist 17 Jahre alt.\nZwei Nachwuchsbl\u00e4serinnen im Alter von 10 und 11 Jahren werden zurzeit\nausgebildet und konnten Senior*innen in der Adventszeit schon einmal ihr\nmusikalisches Talent vorf\u00fchren.<\/p>\n\n\n\n<p>Nachdem im Moment wegen der Pandemie keine Proben m\u00f6glich\nsind, konnte auch das 111j\u00e4hrige Jubil\u00e4um im letzten Jahr 2020 nicht wie geplant\nmit einem Konzert stattfinden und wird deshalb verschoben. <\/p>\n\n\n\n<p>Wir haben viel Spa\u00df miteinander und sind eine lebendige,\noffene Gemeindegruppe. Besondere Erlebnisse sind z.B. Teilnahmen an\nKirchentagen, Posaunenfesten, Bl\u00e4serseminaren und Freizeiten, so erinnern wir\nuns gern an eine Begegnungs- und Konzertreise 2010 in unsere Partnergemeinde in\nUngarn.<\/p>\n\n\n\n<p>Ab einem Alter von ca. 9 Jahren (nach oben gibt es keine\nGrenze!) kannst Du dabei sein! Wir freuen uns auf Dich!<\/p>\n\n\n\n<p>Kontakt: <br>Posaunenchorleiterin Elisabeth H\u00fcndling<br><a href=\"mailto:elisabeth.huendling@t-online.de\">Mail an Posaunenchor<\/a><\/p>\n","protected":false},"excerpt":{"rendered":"<p>Gott loben, das ist unser Amt. (EG 288, 5)&nbsp; Unser Posaunenchor wurde 1909 gegr\u00fcndet. Seit 2010 spielen wir in einer Chorgemeinschaft mit dem Posaunenchor Collinghorst. Mit etwa 15 Bl\u00e4ser*innen begleiten wir regelm\u00e4\u00dfig Gottesdienste,&nbsp; spielen Geburtstagsst\u00e4ndchen, bringen musikalische Gr\u00fc\u00dfe in Seniorenheime und wirken bei Konzerten mit. Traditionelle und moderne Kirchenlieder sowie klassische Musik und Musikst\u00fccke im [&hellip;]<\/p>\n","protected":false},"author":1,"featured_media":0,"parent":45,"menu_order":0,"comment_status":"closed","ping_status":"closed","template":"","meta":{"ngg_post_thumbnail":0,"footnotes":""},"class_list":["post-9","page","type-page","status-publish","hentry"],"_links":{"self":[{"href":"http:\/\/www.wp.kirche-ihrhove.de\/wordpress\/index.php?rest_route=\/wp\/v2\/pages\/9","targetHints":{"allow":["GET"]}}],"collection":[{"href":"http:\/\/www.wp.kirche-ihrhove.de\/wordpress\/index.php?rest_route=\/wp\/v2\/pages"}],"about":[{"href":"http:\/\/www.wp.kirche-ihrhove.de\/wordpress\/index.php?rest_route=\/wp\/v2\/types\/page"}],"author":[{"embeddable":true,"href":"http:\/\/www.wp.kirche-ihrhove.de\/wordpress\/index.php?rest_route=\/wp\/v2\/users\/1"}],"replies":[{"embeddable":true,"href":"http:\/\/www.wp.kirche-ihrhove.de\/wordpress\/index.php?rest_route=%2Fwp%2Fv2%2Fcomments&post=9"}],"version-history":[{"count":7,"href":"http:\/\/www.wp.kirche-ihrhove.de\/wordpress\/index.php?rest_route=\/wp\/v2\/pages\/9\/revisions"}],"predecessor-version":[{"id":637,"href":"http:\/\/www.wp.kirche-ihrhove.de\/wordpress\/index.php?rest_route=\/wp\/v2\/pages\/9\/revisions\/637"}],"up":[{"embeddable":true,"href":"http:\/\/www.wp.kirche-ihrhove.de\/wordpress\/index.php?rest_route=\/wp\/v2\/pages\/45"}],"wp:attachment":[{"href":"http:\/\/www.wp.kirche-ihrhove.de\/wordpress\/index.php?rest_route=%2Fwp%2Fv2%2Fmedia&parent=9"}],"curies":[{"name":"wp","href":"https:\/\/api.w.org\/{rel}","templated":true}]}}